{"id":1022,"date":"2024-08-20T13:19:35","date_gmt":"2024-08-20T13:19:35","guid":{"rendered":"https:\/\/esthetiquefreya.ca\/?page_id=1022"},"modified":"2025-04-13T14:09:57","modified_gmt":"2025-04-13T14:09:57","slug":"manucure","status":"publish","type":"page","link":"https:\/\/esthetiquefreya.ca\/en\/manucure\/","title":{"rendered":"Manicure"},"content":{"rendered":"<div class=\"wp-block-getwid-section alignfull alignfull getwid-anim fadeInDownShort getwid-section-content-full-width\" data-wow-duration=\"2000ms\" data-wow-delay=\"200ms\"><div class=\"wp-block-getwid-section__wrapper getwid-padding-top-large getwid-padding-bottom-large getwid-padding-left-medium getwid-padding-right-medium getwid-reset-min-height-mobile\" style=\"min-height:40vh\"><div class=\"wp-block-getwid-section__inner-wrapper\"><div class=\"wp-block-getwid-section__background-holder\"><div class=\"wp-block-getwid-section__background\" style=\"background-image:url('https:\/\/esthetiquefreya.ca\/wp-content\/uploads\/2024\/08\/Untitled-Website-6.png')\"><div class=\"wp-block-getwid-section__background-image-wrapper\"><img decoding=\"async\" class=\"wp-block-getwid-section__background-image\" src=\"https:\/\/esthetiquefreya.ca\/wp-content\/uploads\/2024\/08\/Untitled-Website-6.png\" alt=\"\"\/><\/div><\/div><div class=\"wp-block-getwid-section__foreground\"><\/div><\/div><div class=\"wp-block-getwid-section__content\"><div class=\"wp-block-getwid-section__inner-content\">\n<div class=\"wp-block-getwid-advanced-heading\" style=\"margin-bottom:30px;margin-top:10px\"><h2 class=\"wp-block-getwid-advanced-heading__content has-text-color has-background-color\" style=\"text-align:center;font-family:&quot;Aboreto&quot;;font-weight:normal\"><strong>Manicure<\/strong><\/h2><\/div>\n\n\n\n<p class=\"has-text-align-center has-background-color has-text-color has-link-color wp-elements-5a835184bed7d68b42143fd8c7638b0c\">Well-groomed hands and nails add to our overall appearance and self-confidence.<\/p>\n<\/div><\/div><\/div><\/div><\/div>\n\n\n\n<div class=\"wp-block-group alignfull has-background-background-color has-background has-global-padding is-layout-constrained wp-container-core-group-is-layout-dc28082d wp-block-group-is-layout-constrained\" style=\"margin-top:var(--wp--preset--spacing--30);margin-bottom:var(--wp--preset--spacing--30);padding-top:0;padding-right:var(--wp--preset--spacing--30);padding-bottom:0;padding-left:var(--wp--preset--spacing--30)\">\n<div class=\"wp-block-group has-global-padding is-content-justification-left is-layout-constrained wp-container-core-group-is-layout-8b4c372c wp-block-group-is-layout-constrained\">\n<h2 class=\"wp-block-heading has-text-align-center has-montserrat-font-family has-large-font-size\">Your hands\u2026our priority<\/h2>\n\n\n\n<p class=\"has-text-align-center\" style=\"margin-top:16px\">Taking care of your hands and nails is not just a question of appearance, but also a priority for overall well-being.<\/p>\n<\/div>\n\n\n\n<div class=\"wp-block-columns alignwide is-layout-flex wp-container-core-columns-is-layout-5b525043 wp-block-columns-is-layout-flex\">\n<div class=\"wp-block-column is-layout-flow wp-block-column-is-layout-flow\">\n<figure class=\"wp-block-image size-large ext-aspect-landscape\"><img loading=\"lazy\" decoding=\"async\" width=\"1024\" height=\"576\" src=\"https:\/\/esthetiquefreya.ca\/wp-content\/uploads\/2024\/08\/16-1024x576.png\" alt=\"\" class=\"wp-image-1446\" style=\"box-shadow:var(--wp--preset--shadow--deep);aspect-ratio:4\/3;object-fit:cover\" srcset=\"https:\/\/esthetiquefreya.ca\/wp-content\/uploads\/2024\/08\/16-1024x576.png 1024w, https:\/\/esthetiquefreya.ca\/wp-content\/uploads\/2024\/08\/16-600x337.png 600w, https:\/\/esthetiquefreya.ca\/wp-content\/uploads\/2024\/08\/16-300x169.png 300w, https:\/\/esthetiquefreya.ca\/wp-content\/uploads\/2024\/08\/16-768x432.png 768w, https:\/\/esthetiquefreya.ca\/wp-content\/uploads\/2024\/08\/16-18x10.png 18w, https:\/\/esthetiquefreya.ca\/wp-content\/uploads\/2024\/08\/16.png 1366w\" sizes=\"auto, (max-width: 1024px) 100vw, 1024px\" \/><\/figure>\n\n\n\n<div class=\"wp-block-group has-global-padding is-layout-constrained wp-container-core-group-is-layout-19e250f3 wp-block-group-is-layout-constrained\">\n<h3 class=\"wp-block-heading has-text-align-center has-montserrat-font-family\" style=\"margin-top:24px;font-size:clamp(14px, 0.875rem + ((1vw - 3.2px) * 0.625), 20px);line-height:1.5\"><strong>Regular Manicure \u2013 $30<\/strong><\/h3>\n\n\n\n<ul class=\"wp-block-list\">\n<li>Nail filing<\/li>\n\n\n\n<li>Cuticle Pushing<\/li>\n\n\n\n<li>Gel polish application<\/li>\n\n\n\n<li>Applying a moisturizer<\/li>\n<\/ul>\n<\/div>\n<\/div>\n\n\n\n<div class=\"wp-block-column is-layout-flow wp-block-column-is-layout-flow\">\n<figure class=\"wp-block-image size-large ext-aspect-landscape\"><img loading=\"lazy\" decoding=\"async\" width=\"1024\" height=\"576\" src=\"https:\/\/esthetiquefreya.ca\/wp-content\/uploads\/2024\/08\/15-1024x576.png\" alt=\"\" class=\"wp-image-1445\" style=\"box-shadow:var(--wp--preset--shadow--deep);aspect-ratio:4\/3;object-fit:cover\" srcset=\"https:\/\/esthetiquefreya.ca\/wp-content\/uploads\/2024\/08\/15-1024x576.png 1024w, https:\/\/esthetiquefreya.ca\/wp-content\/uploads\/2024\/08\/15-600x337.png 600w, https:\/\/esthetiquefreya.ca\/wp-content\/uploads\/2024\/08\/15-300x169.png 300w, https:\/\/esthetiquefreya.ca\/wp-content\/uploads\/2024\/08\/15-768x432.png 768w, https:\/\/esthetiquefreya.ca\/wp-content\/uploads\/2024\/08\/15-18x10.png 18w, https:\/\/esthetiquefreya.ca\/wp-content\/uploads\/2024\/08\/15.png 1366w\" sizes=\"auto, (max-width: 1024px) 100vw, 1024px\" \/><\/figure>\n\n\n\n<div class=\"wp-block-group has-global-padding is-layout-constrained wp-container-core-group-is-layout-19e250f3 wp-block-group-is-layout-constrained\">\n<h3 class=\"wp-block-heading has-text-align-center has-montserrat-font-family\" style=\"margin-top:24px;font-size:clamp(14px, 0.875rem + ((1vw - 3.2px) * 0.625), 20px);line-height:1.5\"><strong>Complete Manicure<\/strong> <strong>&#8211; 45$<\/strong><\/h3>\n\n\n\n<ul class=\"wp-block-list\">\n<li>Complete nail care<\/li>\n<\/ul>\n\n\n\n<div class=\"wp-block-group has-global-padding is-layout-constrained wp-block-group-is-layout-constrained\">\n<div class=\"wp-block-group has-global-padding is-layout-constrained wp-container-core-group-is-layout-19e250f3 wp-block-group-is-layout-constrained\">\n<ul class=\"wp-block-list\">\n<li>Cuticle care<\/li>\n<\/ul>\n\n\n\n<ul class=\"wp-block-list\">\n<li>Gel polish application<\/li>\n<\/ul>\n\n\n\n<ul class=\"wp-block-list\">\n<li>Massage<\/li>\n<\/ul>\n<\/div>\n<\/div>\n<\/div>\n<\/div>\n<\/div>\n<\/div>\n\n\n\n<div class=\"wp-block-group alignfull has-background has-global-padding is-layout-constrained wp-container-core-group-is-layout-69e97b25 wp-block-group-is-layout-constrained\" style=\"background-color:#f1f1ee;margin-top:0;margin-bottom:0;padding-top:var(--wp--preset--spacing--30);padding-right:var(--wp--preset--spacing--30);padding-bottom:var(--wp--preset--spacing--30);padding-left:var(--wp--preset--spacing--30)\">\n<div class=\"wp-block-columns alignwide has-background-background-color has-background is-layout-flex wp-container-core-columns-is-layout-7c9548a8 wp-block-columns-is-layout-flex\" style=\"padding-top:0;padding-right:0;padding-bottom:0;padding-left:0\">\n<div class=\"wp-block-column is-vertically-aligned-stretch is-layout-flow wp-block-column-is-layout-flow\" style=\"flex-basis:40%\">\n<div class=\"wp-block-cover is-light\" style=\"box-shadow:var(--wp--preset--shadow--deep);min-height:100%;aspect-ratio:unset;\"><span aria-hidden=\"true\" class=\"wp-block-cover__background has-background-dim-0 has-background-dim\" style=\"background-color:#a17f5d\"><\/span><img loading=\"lazy\" decoding=\"async\" width=\"1366\" height=\"768\" class=\"wp-block-cover__image-background wp-image-1449\" alt=\"\" src=\"https:\/\/esthetiquefreya.ca\/wp-content\/uploads\/2024\/08\/19.png\" style=\"object-position:31% 100%\" data-object-fit=\"cover\" data-object-position=\"31% 100%\" srcset=\"https:\/\/esthetiquefreya.ca\/wp-content\/uploads\/2024\/08\/19.png 1366w, https:\/\/esthetiquefreya.ca\/wp-content\/uploads\/2024\/08\/19-600x337.png 600w, https:\/\/esthetiquefreya.ca\/wp-content\/uploads\/2024\/08\/19-300x169.png 300w, https:\/\/esthetiquefreya.ca\/wp-content\/uploads\/2024\/08\/19-1024x576.png 1024w, https:\/\/esthetiquefreya.ca\/wp-content\/uploads\/2024\/08\/19-768x432.png 768w, https:\/\/esthetiquefreya.ca\/wp-content\/uploads\/2024\/08\/19-18x10.png 18w\" sizes=\"auto, (max-width: 1366px) 100vw, 1366px\" \/><div class=\"wp-block-cover__inner-container is-layout-flow wp-block-cover-is-layout-flow\">\n<div style=\"height:240px\" aria-hidden=\"true\" class=\"wp-block-spacer\"><\/div>\n<\/div><\/div>\n<\/div>\n\n\n\n<div class=\"wp-block-column is-vertically-aligned-center is-layout-flow wp-block-column-is-layout-flow\">\n<div class=\"wp-block-group has-global-padding is-layout-constrained wp-container-core-group-is-layout-301020a0 wp-block-group-is-layout-constrained\" style=\"padding-top:var(--wp--preset--spacing--50);padding-right:var(--wp--preset--spacing--50);padding-bottom:var(--wp--preset--spacing--50);padding-left:var(--wp--preset--spacing--50)\">\n<h2 class=\"wp-block-heading has-mulish-font-family has-large-font-size\">Powder and resin<\/h2>\n\n\n\n<p class=\"has-mulish-font-family\" style=\"margin-top:16px\">Resin and powder manicure is a technique that combines the durability of gel with the lightness of acrylic.<\/p>\n\n\n\n<p class=\"has-mulish-font-family\" style=\"margin-top:16px\">This type of manicure is appreciated for its durability (it can last up to three weeks), its resistance to chips. It is a popular alternative offering a natural and light finish while strengthening the nails.<\/p>\n\n\n\n<div class=\"wp-block-group has-global-padding is-layout-constrained wp-block-group-is-layout-constrained\">\n<div class=\"wp-block-group has-global-padding is-layout-constrained wp-container-core-group-is-layout-19e250f3 wp-block-group-is-layout-constrained\">\n<ul class=\"wp-block-list\">\n<li>on natural nails \u2013<strong>45$<\/strong><\/li>\n\n\n\n<li>with prostheses \u2013 starting from \u2013<strong>50$<\/strong><\/li>\n\n\n\n<li>Filling \u2013 starting from \u2013<strong>40$<\/strong><\/li>\n\n\n\n<li>Melt, Remove and\/or File \u2013<strong>10$<\/strong><\/li>\n<\/ul>\n<\/div>\n<\/div>\n<\/div>\n<\/div>\n<\/div>\n\n\n\n<div class=\"wp-block-group alignfull has-background-background-color has-background has-global-padding is-layout-constrained wp-container-core-group-is-layout-7ff97f4b wp-block-group-is-layout-constrained\" style=\"padding-top:var(--wp--preset--spacing--60);padding-bottom:var(--wp--preset--spacing--40)\">\n<h3 class=\"wp-block-heading has-text-align-center has-montserrat-font-family\" style=\"margin-top:0px;margin-bottom:1rem\">Contact us today<br><\/h3>\n\n\n\n<div class=\"wp-block-buttons is-content-justification-center is-layout-flex wp-container-core-buttons-is-layout-d2a3880e wp-block-buttons-is-layout-flex\" style=\"margin-top:var(--wp--preset--spacing--30)\">\n<div class=\"wp-block-button\"><a class=\"wp-block-button__link wp-element-button\" href=\"https:\/\/esthetiquefreya.ca\/en\/nous-joindre\/\">Book an appointment<\/a><\/div>\n<\/div>\n<\/div>\n<\/div>\n\n\n\n<div class=\"wp-block-group alignfull has-background has-global-padding is-layout-constrained wp-container-core-group-is-layout-7276a2bb wp-block-group-is-layout-constrained\" style=\"background-color:#f1f1ee;margin-top:0;margin-bottom:0;padding-top:var(--wp--preset--spacing--60);padding-right:var(--wp--preset--spacing--30);padding-bottom:var(--wp--preset--spacing--60);padding-left:var(--wp--preset--spacing--30)\">\n<figure class=\"wp-block-video\"><video height=\"1080\" style=\"aspect-ratio: 1920 \/ 1080;\" width=\"1920\" autoplay loop muted src=\"https:\/\/esthetiquefreya.ca\/wp-content\/uploads\/2024\/08\/manicure-process-in-beauty-salon-close-up-SBV-306256732-preview-1.mp4\" playsinline><\/video><\/figure>\n<\/div>","protected":false},"excerpt":{"rendered":"<p>Vos mains\u2026notre priorit\u00e9 Prendre soin de ses mains et de ses ongles n\u2019est pas seulement une question d\u2019apparence, mais aussi une priorit\u00e9 pour un bien-\u00eatre global. Manucure R\u00e9guli\u00e8re &#8211; 30$ Manucure Compl\u00e8te &#8211; 45$ Poudre et r\u00e9sine La manucure \u00e0 la r\u00e9sine et poudre est une technique qui combine la durabilit\u00e9 du gel avec la [&hellip;]<\/p>\n","protected":false},"author":1,"featured_media":0,"parent":0,"menu_order":0,"comment_status":"closed","ping_status":"closed","template":"no-title","meta":{"om_disable_all_campaigns":false,"_monsterinsights_skip_tracking":false,"_monsterinsights_sitenote_active":false,"_monsterinsights_sitenote_note":"","_monsterinsights_sitenote_category":0,"iawp_total_views":126,"footnotes":""},"class_list":["post-1022","page","type-page","status-publish","hentry"],"aioseo_notices":[],"_links":{"self":[{"href":"https:\/\/esthetiquefreya.ca\/en\/wp-json\/wp\/v2\/pages\/1022","targetHints":{"allow":["GET"]}}],"collection":[{"href":"https:\/\/esthetiquefreya.ca\/en\/wp-json\/wp\/v2\/pages"}],"about":[{"href":"https:\/\/esthetiquefreya.ca\/en\/wp-json\/wp\/v2\/types\/page"}],"author":[{"embeddable":true,"href":"https:\/\/esthetiquefreya.ca\/en\/wp-json\/wp\/v2\/users\/1"}],"replies":[{"embeddable":true,"href":"https:\/\/esthetiquefreya.ca\/en\/wp-json\/wp\/v2\/comments?post=1022"}],"version-history":[{"count":27,"href":"https:\/\/esthetiquefreya.ca\/en\/wp-json\/wp\/v2\/pages\/1022\/revisions"}],"predecessor-version":[{"id":2430,"href":"https:\/\/esthetiquefreya.ca\/en\/wp-json\/wp\/v2\/pages\/1022\/revisions\/2430"}],"wp:attachment":[{"href":"https:\/\/esthetiquefreya.ca\/en\/wp-json\/wp\/v2\/media?parent=1022"}],"curies":[{"name":"wp","href":"https:\/\/api.w.org\/{rel}","templated":true}]}}