{"id":1026,"date":"2024-08-20T13:22:42","date_gmt":"2024-08-20T13:22:42","guid":{"rendered":"https:\/\/esthetiquefreya.ca\/?page_id=1026"},"modified":"2025-04-13T14:11:57","modified_gmt":"2025-04-13T14:11:57","slug":"pedicure","status":"publish","type":"page","link":"https:\/\/esthetiquefreya.ca\/en\/pedicure\/","title":{"rendered":"Pedicure"},"content":{"rendered":"<div class=\"wp-block-getwid-section alignfull alignfull getwid-anim fadeInDownShort getwid-section-content-full-width\" data-wow-duration=\"2000ms\" data-wow-delay=\"200ms\"><div class=\"wp-block-getwid-section__wrapper getwid-padding-top-large getwid-padding-bottom-large getwid-padding-left-medium getwid-padding-right-medium getwid-reset-min-height-mobile\" style=\"min-height:40vh\"><div class=\"wp-block-getwid-section__inner-wrapper\"><div class=\"wp-block-getwid-section__background-holder\"><div class=\"wp-block-getwid-section__background\" style=\"background-image:url('https:\/\/esthetiquefreya.ca\/wp-content\/uploads\/2024\/08\/22.png')\"><div class=\"wp-block-getwid-section__background-image-wrapper\"><img decoding=\"async\" class=\"wp-block-getwid-section__background-image\" src=\"https:\/\/esthetiquefreya.ca\/wp-content\/uploads\/2024\/08\/22.png\" alt=\"\"\/><\/div><\/div><div class=\"wp-block-getwid-section__foreground\"><\/div><\/div><div class=\"wp-block-getwid-section__content\"><div class=\"wp-block-getwid-section__inner-content\">\n<div class=\"wp-block-getwid-advanced-heading\" style=\"margin-bottom:30px;margin-top:10px\"><h2 class=\"wp-block-getwid-advanced-heading__content has-text-color has-background-color\" style=\"text-align:center;font-family:&quot;Mulish&quot;;font-weight:normal\"><strong>Pedicure<\/strong><\/h2><\/div>\n\n\n\n<p class=\"has-text-align-center has-background-color has-text-color has-link-color has-mulish-font-family wp-elements-bf33b5742f5d0bb8beeacd977b062298\"><strong>Our techniques are gentle and effective, guaranteeing well-groomed and beautiful feet.<\/strong><\/p>\n<\/div><\/div><\/div><\/div><\/div>\n\n\n\n<div class=\"wp-block-group alignfull has-background-background-color has-background has-global-padding is-layout-constrained wp-container-core-group-is-layout-3107f1e8 wp-block-group-is-layout-constrained\" style=\"margin-top:0;margin-bottom:0;padding-top:var(--wp--preset--spacing--40);padding-right:var(--wp--preset--spacing--30);padding-bottom:var(--wp--preset--spacing--40);padding-left:var(--wp--preset--spacing--30)\">\n<div class=\"wp-block-group alignwide has-global-padding is-content-justification-center is-layout-constrained wp-block-group-is-layout-constrained\">\n<h2 class=\"wp-block-heading has-text-align-center has-montserrat-font-family has-large-font-size\">Because your feet deserve the best<\/h2>\n\n\n\n<p class=\"has-text-align-center has-montserrat-font-family\" style=\"margin-top:16px\">We use only top quality products to ensure long lasting results and optimal comfort.<\/p>\n<\/div>\n\n\n\n<div class=\"wp-block-columns alignwide is-layout-flex wp-container-core-columns-is-layout-5b525043 wp-block-columns-is-layout-flex\">\n<div class=\"wp-block-column is-layout-flow wp-block-column-is-layout-flow\">\n<figure class=\"wp-block-image size-large ext-aspect-landscape\"><img loading=\"lazy\" decoding=\"async\" width=\"1024\" height=\"576\" src=\"https:\/\/esthetiquefreya.ca\/wp-content\/uploads\/2024\/08\/23-1024x576.png\" alt=\"\" class=\"wp-image-1451\" style=\"box-shadow:var(--wp--preset--shadow--deep);aspect-ratio:4\/3;object-fit:cover\" srcset=\"https:\/\/esthetiquefreya.ca\/wp-content\/uploads\/2024\/08\/23-1024x576.png 1024w, https:\/\/esthetiquefreya.ca\/wp-content\/uploads\/2024\/08\/23-600x337.png 600w, https:\/\/esthetiquefreya.ca\/wp-content\/uploads\/2024\/08\/23-300x169.png 300w, https:\/\/esthetiquefreya.ca\/wp-content\/uploads\/2024\/08\/23-768x432.png 768w, https:\/\/esthetiquefreya.ca\/wp-content\/uploads\/2024\/08\/23-18x10.png 18w, https:\/\/esthetiquefreya.ca\/wp-content\/uploads\/2024\/08\/23.png 1366w\" sizes=\"auto, (max-width: 1024px) 100vw, 1024px\" \/><\/figure>\n\n\n\n<h3 class=\"wp-block-heading has-text-align-center has-montserrat-font-family\" style=\"margin-top:24px;font-size:clamp(14px, 0.875rem + ((1vw - 3.2px) * 0.625), 20px);line-height:1.5\"><strong>Regular Pedicure \u2013 $40<\/strong><\/h3>\n\n\n\n<ul class=\"wp-block-list\">\n<li class=\"has-montserrat-font-family\">Nail cutting and filing<\/li>\n\n\n\n<li class=\"has-montserrat-font-family\">Soaking<\/li>\n\n\n\n<li class=\"has-montserrat-font-family\">Cuticle care<\/li>\n\n\n\n<li class=\"has-montserrat-font-family\">Gel polish application + $5<\/li>\n\n\n\n<li class=\"has-montserrat-font-family\">Applying a moisturizer<\/li>\n<\/ul>\n<\/div>\n\n\n\n<div class=\"wp-block-column is-layout-flow wp-block-column-is-layout-flow\">\n<figure class=\"wp-block-image size-large ext-aspect-landscape\"><img loading=\"lazy\" decoding=\"async\" width=\"1024\" height=\"576\" src=\"https:\/\/esthetiquefreya.ca\/wp-content\/uploads\/2024\/08\/21-2-1024x576.png\" alt=\"\" class=\"wp-image-1444\" style=\"box-shadow:var(--wp--preset--shadow--deep);aspect-ratio:4\/3;object-fit:cover\" srcset=\"https:\/\/esthetiquefreya.ca\/wp-content\/uploads\/2024\/08\/21-2-1024x576.png 1024w, https:\/\/esthetiquefreya.ca\/wp-content\/uploads\/2024\/08\/21-2-600x337.png 600w, https:\/\/esthetiquefreya.ca\/wp-content\/uploads\/2024\/08\/21-2-300x169.png 300w, https:\/\/esthetiquefreya.ca\/wp-content\/uploads\/2024\/08\/21-2-768x432.png 768w, https:\/\/esthetiquefreya.ca\/wp-content\/uploads\/2024\/08\/21-2-18x10.png 18w, https:\/\/esthetiquefreya.ca\/wp-content\/uploads\/2024\/08\/21-2.png 1366w\" sizes=\"auto, (max-width: 1024px) 100vw, 1024px\" \/><\/figure>\n\n\n\n<h3 class=\"wp-block-heading has-text-align-center has-montserrat-font-family\" style=\"margin-top:24px;font-size:clamp(14px, 0.875rem + ((1vw - 3.2px) * 0.625), 20px);line-height:1.5\"><strong>Complete Pedicure \u2013 $50<\/strong><\/h3>\n\n\n\n<ul class=\"wp-block-list\">\n<li class=\"has-montserrat-font-family\">Nail cutting and filing<\/li>\n\n\n\n<li class=\"has-montserrat-font-family\">Soaking<\/li>\n\n\n\n<li class=\"has-montserrat-font-family\">Exfoliation<\/li>\n\n\n\n<li class=\"has-montserrat-font-family\">Cuticle care<\/li>\n\n\n\n<li class=\"has-montserrat-font-family\">Massage<\/li>\n\n\n\n<li class=\"has-montserrat-font-family\">Gel polish application + $5<\/li>\n<\/ul>\n<\/div>\n<\/div>\n<\/div>\n\n\n\n<div class=\"wp-block-group alignfull has-tertiary-background-color has-background has-global-padding is-layout-constrained wp-container-core-group-is-layout-33e8f939 wp-block-group-is-layout-constrained\" style=\"margin-top:0;margin-bottom:0;padding-top:0;padding-right:var(--wp--preset--spacing--30);padding-bottom:0;padding-left:var(--wp--preset--spacing--30)\">\n<div class=\"wp-block-group alignwide has-tertiary-background-color has-background has-global-padding is-content-justification-center is-layout-constrained wp-container-core-group-is-layout-0bbb03f5 wp-block-group-is-layout-constrained\" style=\"margin-top:var(--wp--preset--spacing--60);margin-bottom:0;padding-top:var(--wp--preset--spacing--40);padding-right:var(--wp--preset--spacing--30);padding-bottom:var(--wp--preset--spacing--40);padding-left:var(--wp--preset--spacing--30)\">\n<h3 class=\"wp-block-heading has-text-align-center has-montserrat-font-family\" style=\"margin-top:12px\">Contact us today<\/h3>\n\n\n\n<div class=\"wp-block-buttons is-content-justification-center is-layout-flex wp-container-core-buttons-is-layout-a89b3969 wp-block-buttons-is-layout-flex\">\n<div class=\"wp-block-button is-style-fill\"><a class=\"wp-block-button__link wp-element-button\" href=\"https:\/\/esthetiquefreya.ca\/en\/nous-joindre\/\">Book an appointment<\/a><\/div>\n<\/div>\n<\/div>\n\n\n\n<div class=\"wp-block-group alignwide has-global-padding is-content-justification-center is-layout-constrained wp-block-group-is-layout-constrained\" style=\"margin-bottom:var(--wp--preset--spacing--30)\">\n<h2 class=\"wp-block-heading has-text-align-center has-montserrat-font-family has-large-font-size\">Got questions? We have the answers.<\/h2>\n\n\n\n<p class=\"has-text-align-center\" style=\"margin-top:16px\">Come experience exceptional customer service and personalized support at Esth\u00e9tique FRE\u0178A.<\/p>\n<\/div>\n\n\n\n<div class=\"wp-block-group has-global-padding is-layout-constrained wp-block-group-is-layout-constrained\" style=\"border-bottom-color:var(--wp--preset--color--tertiary);border-bottom-width:1px;margin-top:0;padding-top:var(--wp--preset--spacing--30);padding-bottom:var(--wp--preset--spacing--30)\">\n<h4 class=\"wp-block-heading has-montserrat-font-family has-medium-font-size\"><strong>How often should I get a pedicure?<\/strong><\/h4>\n\n\n\n<p class=\"has-small-font-size\" style=\"margin-top:12px\">It depends on personal preference and foot health, but it is generally recommended to get a pedicure every 4-6 weeks to maintain healthy nails and feet.<\/p>\n<\/div>\n\n\n\n<div class=\"wp-block-group has-global-padding is-layout-constrained wp-block-group-is-layout-constrained\" style=\"border-bottom-color:var(--wp--preset--color--tertiary);border-bottom-width:1px;margin-top:0;padding-top:var(--wp--preset--spacing--30);padding-bottom:var(--wp--preset--spacing--30)\">\n<h4 class=\"wp-block-heading has-montserrat-font-family has-medium-font-size\"><strong>Can Pedicures Help Foot Health?<\/strong><\/h4>\n\n\n\n<p class=\"has-small-font-size\" style=\"margin-top:12px\">Yes, regular pedicures can help prevent common problems like ingrown toenails, calluses, and fungal infections. They also improve circulation and skin health.<\/p>\n<\/div>\n\n\n\n<div class=\"wp-block-group has-global-padding is-layout-constrained wp-block-group-is-layout-constrained\" style=\"border-bottom-color:var(--wp--preset--color--tertiary);border-bottom-width:1px;margin-top:0;padding-top:var(--wp--preset--spacing--30);padding-bottom:var(--wp--preset--spacing--30)\">\n<h4 class=\"wp-block-heading has-montserrat-font-family has-medium-font-size\"><strong>Are pedicures safe for everyone?<\/strong><\/h4>\n\n\n\n<p class=\"has-small-font-size\" style=\"margin-top:12px\">Pedicures are generally safe, but if you have conditions such as <strong>diabetes, peripheral vascular disease, or open wounds or infections<\/strong>, it is best to consult a healthcare professional before getting a pedicure.<\/p>\n<\/div>\n\n\n\n<div class=\"wp-block-group has-global-padding is-layout-constrained wp-block-group-is-layout-constrained\" style=\"margin-top:0;padding-top:var(--wp--preset--spacing--30);padding-bottom:0\">\n<h4 class=\"wp-block-heading has-montserrat-font-family has-medium-font-size\"><strong>What should I do if I have nail fungus?<\/strong><\/h4>\n\n\n\n<p class=\"has-small-font-size\" style=\"margin-top:12px\">If you suspect nail fungus, consult a podiatrist before getting a pedicure. The salon may have policies to avoid treating infected feet, and you will need appropriate medical treatment.<\/p>\n\n\n\n<h4 class=\"wp-block-heading has-montserrat-font-family has-medium-font-size\"><strong>Can I get a pedicure if I'm pregnant?<\/strong><\/h4>\n\n\n\n<p class=\"has-small-font-size\" style=\"margin-top:12px\">Yes, pedicures are generally safe during pregnancy. However, if you have any specific concerns or health conditions, it's a good idea to check with your doctor.<\/p>\n\n\n\n<h4 class=\"wp-block-heading has-montserrat-font-family has-medium-font-size\"><strong>How do I take care of my feet after a pedicure?<\/strong><\/h4>\n\n\n\n<p class=\"has-small-font-size\" style=\"margin-top:12px\">Keep your feet moisturized and avoid walking barefoot in public places. Also, consider using a good foot cream to maintain the results of your pedicure.<\/p>\n<\/div>\n\n\n\n<figure class=\"wp-block-video\"><video height=\"1080\" style=\"aspect-ratio: 1920 \/ 1080;\" width=\"1920\" autoplay loop muted src=\"https:\/\/esthetiquefreya.ca\/wp-content\/uploads\/2024\/08\/the-master-paints-the-nails-on-leg-in-a-beauty-salon-SBV-316054815-preview-1.mp4\" playsinline><\/video><\/figure>\n<\/div>","protected":false},"excerpt":{"rendered":"<p>Parce que vos pieds m\u00e9ritent le meilleur Nous utilisons uniquement des produits de qualit\u00e9 sup\u00e9rieure pour garantir des r\u00e9sultats durables et un confort optimal. P\u00e9dicure R\u00e9guli\u00e8re &#8211; 40$ P\u00e9dicure Compl\u00e8te &#8211; 50$ Contactez-nous d\u00e8s aujourd&rsquo;hui Vous avez des questions ? Nous avons les r\u00e9ponses. Venez vivre un service client exceptionnel et un soutien personnalis\u00e9 chez [&hellip;]<\/p>\n","protected":false},"author":1,"featured_media":0,"parent":0,"menu_order":0,"comment_status":"closed","ping_status":"closed","template":"no-title","meta":{"om_disable_all_campaigns":false,"_monsterinsights_skip_tracking":false,"_monsterinsights_sitenote_active":false,"_monsterinsights_sitenote_note":"","_monsterinsights_sitenote_category":0,"iawp_total_views":121,"footnotes":""},"class_list":["post-1026","page","type-page","status-publish","hentry"],"aioseo_notices":[],"_links":{"self":[{"href":"https:\/\/esthetiquefreya.ca\/en\/wp-json\/wp\/v2\/pages\/1026","targetHints":{"allow":["GET"]}}],"collection":[{"href":"https:\/\/esthetiquefreya.ca\/en\/wp-json\/wp\/v2\/pages"}],"about":[{"href":"https:\/\/esthetiquefreya.ca\/en\/wp-json\/wp\/v2\/types\/page"}],"author":[{"embeddable":true,"href":"https:\/\/esthetiquefreya.ca\/en\/wp-json\/wp\/v2\/users\/1"}],"replies":[{"embeddable":true,"href":"https:\/\/esthetiquefreya.ca\/en\/wp-json\/wp\/v2\/comments?post=1026"}],"version-history":[{"count":31,"href":"https:\/\/esthetiquefreya.ca\/en\/wp-json\/wp\/v2\/pages\/1026\/revisions"}],"predecessor-version":[{"id":2674,"href":"https:\/\/esthetiquefreya.ca\/en\/wp-json\/wp\/v2\/pages\/1026\/revisions\/2674"}],"wp:attachment":[{"href":"https:\/\/esthetiquefreya.ca\/en\/wp-json\/wp\/v2\/media?parent=1026"}],"curies":[{"name":"wp","href":"https:\/\/api.w.org\/{rel}","templated":true}]}}