{"id":1029,"date":"2024-08-20T13:24:04","date_gmt":"2024-08-20T13:24:04","guid":{"rendered":"https:\/\/esthetiquefreya.ca\/?page_id=1029"},"modified":"2025-04-13T14:07:41","modified_gmt":"2025-04-13T14:07:41","slug":"epilation","status":"publish","type":"page","link":"https:\/\/esthetiquefreya.ca\/en\/epilation\/","title":{"rendered":"Hair removal"},"content":{"rendered":"<div class=\"wp-block-getwid-section alignfull alignfull getwid-anim fadeInDownShort getwid-section-content-full-width\" data-wow-duration=\"2000ms\" data-wow-delay=\"200ms\"><div class=\"wp-block-getwid-section__wrapper getwid-padding-top-large getwid-padding-bottom-large getwid-padding-left-medium getwid-padding-right-medium getwid-reset-min-height-mobile\" style=\"min-height:40vh\"><div class=\"wp-block-getwid-section__inner-wrapper\"><div class=\"wp-block-getwid-section__background-holder\"><div class=\"wp-block-getwid-section__background\" style=\"background-image:url('https:\/\/esthetiquefreya.ca\/wp-content\/uploads\/2024\/08\/7.png')\"><div class=\"wp-block-getwid-section__background-image-wrapper\"><img decoding=\"async\" class=\"wp-block-getwid-section__background-image\" src=\"https:\/\/esthetiquefreya.ca\/wp-content\/uploads\/2024\/08\/7.png\" alt=\"\"\/><\/div><\/div><div class=\"wp-block-getwid-section__foreground\"><\/div><\/div><div class=\"wp-block-getwid-section__content\"><div class=\"wp-block-getwid-section__inner-content\">\n<div class=\"wp-block-getwid-advanced-heading\" style=\"margin-bottom:30px;margin-top:10px\"><h2 class=\"wp-block-getwid-advanced-heading__content has-text-color has-foreground-color\" style=\"text-align:center;font-family:&quot;Montserrat&quot;;font-weight:normal\"><strong>Hair removal<\/strong><\/h2><\/div>\n\n\n\n<p class=\"has-text-align-center has-foreground-color has-text-color has-link-color wp-elements-ee5c68615a66f57f2669719f93b122ca\"><strong>Say goodbye to unwanted hair!<\/strong><\/p>\n<\/div><\/div><\/div><\/div><\/div>\n\n\n\n<div class=\"wp-block-getwid-section alignfull alignfull getwid-section-content-custom-width\"><div class=\"wp-block-getwid-section__wrapper getwid-padding-top-large getwid-padding-bottom-large getwid-padding-left-medium getwid-padding-right-medium\"><div class=\"wp-block-getwid-section__inner-wrapper\" style=\"max-width:1140px\"><div class=\"wp-block-getwid-section__background-holder\"><div class=\"wp-block-getwid-section__background\"><\/div><div class=\"wp-block-getwid-section__foreground\"><\/div><\/div><div class=\"wp-block-getwid-section__content\"><div class=\"wp-block-getwid-section__inner-content\">\n<div class=\"wp-block-getwid-advanced-heading\" style=\"margin-bottom:60px;margin-top:10px\"><h4 class=\"wp-block-getwid-advanced-heading__content\" style=\"text-align:center;font-family:&quot;Montserrat&quot;;font-weight:300\"><strong>Waxing is a popular, effective, inexpensive and long-lasting method.<\/strong><\/h4><\/div>\n\n\n\n<div class=\"wp-block-getwid-images-slider has-cropped-images has-arrows-none has-dots-outside is-carousel has-slides-gap-large has-images-center has-cropped-images\"><div class=\"wp-block-getwid-images-slider__wrapper\" data-effect=\"slide\" data-slides-show=\"3\" data-slides-show-laptop=\"2\" data-slides-show-tablet=\"1\" data-slides-show-mobile=\"1\" data-slides-scroll=\"1\" data-autoplay=\"false\" data-pause-hover=\"false\" data-autoplay-speed=\"1500\" data-infinite=\"true\" data-animation-speed=\"800\" data-center-mode=\"false\" data-variable-width=\"false\" data-arrows=\"none\" data-dots=\"outside\" data-spacing=\"large\"><div class=\"wp-block-getwid-images-slider__item\"><figure><img loading=\"lazy\" decoding=\"async\" width=\"1366\" height=\"768\" src=\"https:\/\/esthetiquefreya.ca\/wp-content\/uploads\/2024\/08\/27.png\" data-id=\"1455\" data-link=\"https:\/\/esthetiquefreya.ca\/27\/\" data-original-link=\"https:\/\/esthetiquefreya.ca\/wp-content\/uploads\/2024\/08\/27.png\" class=\"wp-block-getwid-images-slider__image wp-image-1455\" srcset=\"https:\/\/esthetiquefreya.ca\/wp-content\/uploads\/2024\/08\/27.png 1366w, https:\/\/esthetiquefreya.ca\/wp-content\/uploads\/2024\/08\/27-600x337.png 600w, https:\/\/esthetiquefreya.ca\/wp-content\/uploads\/2024\/08\/27-300x169.png 300w, https:\/\/esthetiquefreya.ca\/wp-content\/uploads\/2024\/08\/27-1024x576.png 1024w, https:\/\/esthetiquefreya.ca\/wp-content\/uploads\/2024\/08\/27-768x432.png 768w, https:\/\/esthetiquefreya.ca\/wp-content\/uploads\/2024\/08\/27-18x10.png 18w\" sizes=\"auto, (max-width: 1366px) 100vw, 1366px\" \/><\/figure><\/div><div class=\"wp-block-getwid-images-slider__item\"><figure><img loading=\"lazy\" decoding=\"async\" width=\"1366\" height=\"768\" src=\"https:\/\/esthetiquefreya.ca\/wp-content\/uploads\/2024\/08\/26.png\" data-id=\"1454\" data-link=\"https:\/\/esthetiquefreya.ca\/26\/\" data-original-link=\"https:\/\/esthetiquefreya.ca\/wp-content\/uploads\/2024\/08\/26.png\" class=\"wp-block-getwid-images-slider__image wp-image-1454\" srcset=\"https:\/\/esthetiquefreya.ca\/wp-content\/uploads\/2024\/08\/26.png 1366w, https:\/\/esthetiquefreya.ca\/wp-content\/uploads\/2024\/08\/26-600x337.png 600w, https:\/\/esthetiquefreya.ca\/wp-content\/uploads\/2024\/08\/26-300x169.png 300w, https:\/\/esthetiquefreya.ca\/wp-content\/uploads\/2024\/08\/26-1024x576.png 1024w, https:\/\/esthetiquefreya.ca\/wp-content\/uploads\/2024\/08\/26-768x432.png 768w, https:\/\/esthetiquefreya.ca\/wp-content\/uploads\/2024\/08\/26-18x10.png 18w\" sizes=\"auto, (max-width: 1366px) 100vw, 1366px\" \/><\/figure><\/div><div class=\"wp-block-getwid-images-slider__item\"><figure><img loading=\"lazy\" decoding=\"async\" width=\"1366\" height=\"768\" src=\"https:\/\/esthetiquefreya.ca\/wp-content\/uploads\/2024\/08\/25.png\" data-id=\"1453\" data-link=\"https:\/\/esthetiquefreya.ca\/25\/\" data-original-link=\"https:\/\/esthetiquefreya.ca\/wp-content\/uploads\/2024\/08\/25.png\" class=\"wp-block-getwid-images-slider__image wp-image-1453\" srcset=\"https:\/\/esthetiquefreya.ca\/wp-content\/uploads\/2024\/08\/25.png 1366w, https:\/\/esthetiquefreya.ca\/wp-content\/uploads\/2024\/08\/25-600x337.png 600w, https:\/\/esthetiquefreya.ca\/wp-content\/uploads\/2024\/08\/25-300x169.png 300w, https:\/\/esthetiquefreya.ca\/wp-content\/uploads\/2024\/08\/25-1024x576.png 1024w, https:\/\/esthetiquefreya.ca\/wp-content\/uploads\/2024\/08\/25-768x432.png 768w, https:\/\/esthetiquefreya.ca\/wp-content\/uploads\/2024\/08\/25-18x10.png 18w\" sizes=\"auto, (max-width: 1366px) 100vw, 1366px\" \/><\/figure><\/div><div class=\"wp-block-getwid-images-slider__item\"><figure><img loading=\"lazy\" decoding=\"async\" width=\"1366\" height=\"768\" src=\"https:\/\/esthetiquefreya.ca\/wp-content\/uploads\/2024\/08\/28.png\" data-id=\"1456\" data-link=\"https:\/\/esthetiquefreya.ca\/28\/\" data-original-link=\"https:\/\/esthetiquefreya.ca\/wp-content\/uploads\/2024\/08\/28.png\" class=\"wp-block-getwid-images-slider__image wp-image-1456\" srcset=\"https:\/\/esthetiquefreya.ca\/wp-content\/uploads\/2024\/08\/28.png 1366w, https:\/\/esthetiquefreya.ca\/wp-content\/uploads\/2024\/08\/28-600x337.png 600w, https:\/\/esthetiquefreya.ca\/wp-content\/uploads\/2024\/08\/28-300x169.png 300w, https:\/\/esthetiquefreya.ca\/wp-content\/uploads\/2024\/08\/28-1024x576.png 1024w, https:\/\/esthetiquefreya.ca\/wp-content\/uploads\/2024\/08\/28-768x432.png 768w, https:\/\/esthetiquefreya.ca\/wp-content\/uploads\/2024\/08\/28-18x10.png 18w\" sizes=\"auto, (max-width: 1366px) 100vw, 1366px\" \/><\/figure><\/div><div class=\"wp-block-getwid-images-slider__item\"><figure><img loading=\"lazy\" decoding=\"async\" width=\"1366\" height=\"768\" src=\"https:\/\/esthetiquefreya.ca\/wp-content\/uploads\/2024\/08\/7.png\" data-id=\"577\" data-link=\"https:\/\/esthetiquefreya.ca\/accueil\/attachment\/7\/\" data-original-link=\"https:\/\/esthetiquefreya.ca\/wp-content\/uploads\/2024\/08\/7.png\" class=\"wp-block-getwid-images-slider__image wp-image-577\" srcset=\"https:\/\/esthetiquefreya.ca\/wp-content\/uploads\/2024\/08\/7.png 1366w, https:\/\/esthetiquefreya.ca\/wp-content\/uploads\/2024\/08\/7-600x337.png 600w, https:\/\/esthetiquefreya.ca\/wp-content\/uploads\/2024\/08\/7-300x169.png 300w, https:\/\/esthetiquefreya.ca\/wp-content\/uploads\/2024\/08\/7-1024x576.png 1024w, https:\/\/esthetiquefreya.ca\/wp-content\/uploads\/2024\/08\/7-768x432.png 768w, https:\/\/esthetiquefreya.ca\/wp-content\/uploads\/2024\/08\/7-18x10.png 18w\" sizes=\"auto, (max-width: 1366px) 100vw, 1366px\" \/><\/figure><\/div><\/div><\/div>\n<\/div><\/div><\/div><\/div><\/div>\n\n\n\n<div class=\"wp-block-group alignfull has-background-background-color has-background has-global-padding is-layout-constrained wp-container-core-group-is-layout-7276a2bb wp-block-group-is-layout-constrained\" style=\"margin-top:0;margin-bottom:0;padding-top:var(--wp--preset--spacing--60);padding-right:var(--wp--preset--spacing--30);padding-bottom:var(--wp--preset--spacing--60);padding-left:var(--wp--preset--spacing--30)\">\n<div class=\"wp-block-group has-global-padding is-layout-constrained wp-block-group-is-layout-constrained\">\n<h2 class=\"wp-block-heading has-text-align-center has-montserrat-font-family has-large-font-size\">Price List for our Hair Removal Services<\/h2>\n\n\n\n<p class=\"has-text-align-center\" style=\"margin-top:16px\">We offer a variety of options to meet your specific needs<\/p>\n<\/div>\n\n\n\n<div class=\"wp-block-group has-global-padding is-layout-constrained wp-block-group-is-layout-constrained\">\n<div class=\"wp-block-group has-secondary-background-color has-background popmake-2240 has-global-padding is-layout-constrained wp-container-core-group-is-layout-3bcd2578 wp-block-group-is-layout-constrained\" style=\"border-radius:4px;padding-top:24px;padding-right:24px;padding-bottom:24px;padding-left:24px\">\n<h4 class=\"wp-block-heading has-text-align-center has-montserrat-font-family has-medium-font-size\">Upper lip \u2013 <strong>10$<\/strong><\/h4>\n<\/div>\n\n\n\n<div class=\"wp-block-group has-secondary-background-color has-background popmake-2245 has-global-padding is-layout-constrained wp-container-core-group-is-layout-3bcd2578 wp-block-group-is-layout-constrained\" style=\"border-radius:4px;padding-top:24px;padding-right:24px;padding-bottom:24px;padding-left:24px\">\n<h4 class=\"wp-block-heading has-text-align-center has-montserrat-font-family has-medium-font-size\">Armpits \u2013 <strong>15$<\/strong><\/h4>\n<\/div>\n\n\n\n<div class=\"wp-block-group has-secondary-background-color has-background popmake-2250 has-global-padding is-layout-constrained wp-container-core-group-is-layout-3bcd2578 wp-block-group-is-layout-constrained\" style=\"border-radius:4px;padding-top:24px;padding-right:24px;padding-bottom:24px;padding-left:24px\">\n<h4 class=\"wp-block-heading has-text-align-center has-montserrat-font-family has-medium-font-size\">Full arm \u2013 <strong>25$<\/strong><\/h4>\n<\/div>\n\n\n\n<div class=\"wp-block-group has-secondary-background-color has-background popmake-2252 has-global-padding is-layout-constrained wp-container-core-group-is-layout-3bcd2578 wp-block-group-is-layout-constrained\" style=\"border-radius:4px;padding-top:24px;padding-right:24px;padding-bottom:24px;padding-left:24px\">\n<h4 class=\"wp-block-heading has-text-align-center has-montserrat-font-family has-medium-font-size\">Thorax \u2013 Abdomen \u2013 <strong>45$<\/strong><\/h4>\n<\/div>\n\n\n\n<div class=\"wp-block-group has-secondary-background-color has-background popmake-2254 has-global-padding is-layout-constrained wp-container-core-group-is-layout-3bcd2578 wp-block-group-is-layout-constrained\" style=\"border-radius:4px;padding-top:24px;padding-right:24px;padding-bottom:24px;padding-left:24px\">\n<h4 class=\"wp-block-heading has-text-align-center has-montserrat-font-family has-medium-font-size\">Back - <strong>35$<\/strong><\/h4>\n<\/div>\n\n\n\n<div class=\"wp-block-group has-secondary-background-color has-background popmake-2256 has-global-padding is-layout-constrained wp-container-core-group-is-layout-3bcd2578 wp-block-group-is-layout-constrained\" style=\"border-radius:4px;padding-top:24px;padding-right:24px;padding-bottom:24px;padding-left:24px\">\n<h4 class=\"wp-block-heading has-text-align-center has-montserrat-font-family has-medium-font-size\">Thighs - <strong>30$<\/strong><\/h4>\n<\/div>\n\n\n\n<div class=\"wp-block-group has-secondary-background-color has-background popmake-2258 has-global-padding is-layout-constrained wp-container-core-group-is-layout-3bcd2578 wp-block-group-is-layout-constrained\" style=\"border-radius:4px;padding-top:24px;padding-right:24px;padding-bottom:24px;padding-left:24px\">\n<h4 class=\"wp-block-heading has-text-align-center has-montserrat-font-family has-medium-font-size\">Full legs \u2013 <strong>45$<\/strong><\/h4>\n<\/div>\n\n\n\n<div class=\"wp-block-group has-secondary-background-color has-background popmake-2260 has-global-padding is-layout-constrained wp-container-core-group-is-layout-3bcd2578 wp-block-group-is-layout-constrained\" style=\"border-radius:4px;padding-top:24px;padding-right:24px;padding-bottom:24px;padding-left:24px\">\n<h4 class=\"wp-block-heading has-text-align-center has-montserrat-font-family has-medium-font-size\">Half leg \u2013 <strong>25$<\/strong><\/h4>\n<\/div>\n\n\n\n<div class=\"wp-block-group has-secondary-background-color has-background popmake-2262 has-global-padding is-layout-constrained wp-container-core-group-is-layout-3bcd2578 wp-block-group-is-layout-constrained\" style=\"border-radius:4px;padding-top:24px;padding-right:24px;padding-bottom:24px;padding-left:24px\">\n<h4 class=\"wp-block-heading has-text-align-center has-montserrat-font-family has-medium-font-size\">Bikini &#8211; <strong>18$<\/strong><\/h4>\n<\/div>\n\n\n\n<div class=\"wp-block-group has-secondary-background-color has-background popmake-2264 has-global-padding is-layout-constrained wp-container-core-group-is-layout-3bcd2578 wp-block-group-is-layout-constrained\" style=\"border-radius:4px;padding-top:24px;padding-right:24px;padding-bottom:24px;padding-left:24px\">\n<h4 class=\"wp-block-heading has-text-align-center has-montserrat-font-family has-medium-font-size\">Brazilian Bikini \u2013 <strong>25$<\/strong><\/h4>\n<\/div>\n\n\n\n<div class=\"wp-block-group has-secondary-background-color has-background popmake-2266 has-global-padding is-layout-constrained wp-container-core-group-is-layout-3bcd2578 wp-block-group-is-layout-constrained\" style=\"border-radius:4px;padding-top:24px;padding-right:24px;padding-bottom:24px;padding-left:24px\">\n<h4 class=\"wp-block-heading has-text-align-center has-montserrat-font-family has-medium-font-size\">Full Bikini \u2013 <strong>35$<\/strong><\/h4>\n<\/div>\n\n\n\n<div class=\"wp-block-group has-background has-global-padding is-layout-constrained wp-container-core-group-is-layout-3bcd2578 wp-block-group-is-layout-constrained\" style=\"border-radius:4px;background-color:#f1f1ee;padding-top:24px;padding-right:24px;padding-bottom:24px;padding-left:24px\">\n<div class=\"wp-block-buttons is-content-justification-center is-layout-flex wp-container-core-buttons-is-layout-a89b3969 wp-block-buttons-is-layout-flex\">\n<div class=\"wp-block-button\"><a class=\"wp-block-button__link wp-element-button\" href=\"https:\/\/esthetiquefreya.ca\/en\/nous-joindre\/\">Book an appointment<\/a><\/div>\n<\/div>\n<\/div>\n<\/div>\n<\/div>\n\n\n\n<div class=\"wp-block-getwid-section alignfull alignfull getwid-anim tada getwid-section-content-custom-width\" data-wow-duration=\"1500ms\" data-wow-delay=\"200ms\"><div class=\"wp-block-getwid-section__wrapper getwid-padding-left-medium getwid-padding-right-medium\"><div class=\"wp-block-getwid-section__inner-wrapper\" style=\"max-width:1140px\"><div class=\"wp-block-getwid-section__background-holder\"><div class=\"wp-block-getwid-section__background has-background has-background-background-color\"><\/div><div class=\"wp-block-getwid-section__foreground\"><\/div><\/div><div class=\"wp-block-getwid-section__content\"><div class=\"wp-block-getwid-section__inner-content\">\n<div class=\"wp-block-columns has-2-columns are-vertically-aligned-center is-layout-flex wp-container-core-columns-is-layout-28f84493 wp-block-columns-is-layout-flex\">\n<div class=\"wp-block-column is-vertically-aligned-center is-layout-flow wp-block-column-is-layout-flow\">\n<div class=\"wp-block-getwid-advanced-heading\" style=\"margin-bottom:30px;margin-top:10px\"><h3 class=\"wp-block-getwid-advanced-heading__content\" style=\"font-family:&quot;Mulish&quot;;font-weight:300\"><strong>Two or three\u2026why not!<\/strong><\/h3><\/div>\n\n\n\n<p class=\"has-mulish-font-family\">When purchasing <strong>two<\/strong> areas get <strong>a 10% discount<\/strong> and with the purchase of <strong>three<\/strong> areas get <strong>a 15% discount.<\/strong><\/p>\n<\/div>\n\n\n\n<div class=\"wp-block-column is-vertically-aligned-center is-layout-flow wp-block-column-is-layout-flow\">\n<figure class=\"wp-block-video\"><video height=\"1080\" style=\"aspect-ratio: 1920 \/ 1080;\" width=\"1920\" autoplay loop muted src=\"https:\/\/esthetiquefreya.ca\/wp-content\/uploads\/2024\/08\/body-care-concept-closeup-of-person-applying-moisturising-lotion-on-legs-SBV-346634848-preview-1.mp4\" playsinline><\/video><\/figure>\n<\/div>\n<\/div>\n<\/div><\/div><\/div><\/div><\/div>\n\n\n\n<div class=\"wp-block-getwid-section alignfull alignfull getwid-section-content-custom-width\"><div class=\"wp-block-getwid-section__wrapper getwid-padding-left-medium getwid-padding-right-medium\"><div class=\"wp-block-getwid-section__inner-wrapper\" style=\"max-width:740px\"><div class=\"wp-block-getwid-section__background-holder\"><div class=\"wp-block-getwid-section__background\"><\/div><div class=\"wp-block-getwid-section__foreground\"><\/div><\/div><div class=\"wp-block-getwid-section__content\"><div class=\"wp-block-getwid-section__inner-content\">\n<div class=\"wp-block-getwid-advanced-heading\" style=\"margin-bottom:60px;margin-top:10px\"><h2 class=\"wp-block-getwid-advanced-heading__content\" style=\"text-align:center;font-family:&quot;Montserrat&quot;;font-weight:normal\">Frequently Asked Questions<\/h2><\/div>\n\n\n\n<div class=\"wp-block-getwid-accordion\" data-active-element=\"0\">\n<div class=\"wp-block-getwid-accordion__header-wrapper\"><span class=\"wp-block-getwid-accordion__header\"><a href=\"#\"><span class=\"wp-block-getwid-accordion__header-title\">How long do warm wax hair removal results last?<\/span><span class=\"wp-block-getwid-accordion__icon is-active\"><i class=\"fas fa-plus\"><\/i><\/span><span class=\"wp-block-getwid-accordion__icon is-passive\"><i class=\"fas fa-minus\"><\/i><\/span><\/a><\/span><\/div><div class=\"wp-block-getwid-accordion__content-wrapper\"><div class=\"wp-block-getwid-accordion__content\">\n<p>Results can last 3-6 weeks, depending on how quickly your hair grows back. With regular sessions, your hair will grow back finer and sparser, which can help extend the duration of your results.<\/p>\n<\/div><\/div>\n\n\n\n<div class=\"wp-block-getwid-accordion__header-wrapper\"><span class=\"wp-block-getwid-accordion__header\"><a href=\"#\"><span class=\"wp-block-getwid-accordion__header-title\">How do I prepare my skin before a warm waxing session?<\/span><span class=\"wp-block-getwid-accordion__icon is-active\"><i class=\"fas fa-plus\"><\/i><\/span><span class=\"wp-block-getwid-accordion__icon is-passive\"><i class=\"fas fa-minus\"><\/i><\/span><\/a><\/span><\/div><div class=\"wp-block-getwid-accordion__content-wrapper\"><div class=\"wp-block-getwid-accordion__content\">\n<p>It is recommended to exfoliate the skin 24 to 48 hours before the session to remove dead cells and prevent ingrown hairs. Also make sure the skin is clean and dry before hair removal. Avoid applying creams or lotions on the day of hair removal.<\/p>\n<\/div><\/div>\n\n\n\n<div class=\"wp-block-getwid-accordion__header-wrapper\"><span class=\"wp-block-getwid-accordion__header\"><a href=\"#\"><span class=\"wp-block-getwid-accordion__header-title\">Are there any contraindications to warm wax hair removal?<\/span><span class=\"wp-block-getwid-accordion__icon is-active\"><i class=\"fas fa-plus\"><\/i><\/span><span class=\"wp-block-getwid-accordion__icon is-passive\"><i class=\"fas fa-minus\"><\/i><\/span><\/a><\/span><\/div><div class=\"wp-block-getwid-accordion__content-wrapper\"><div class=\"wp-block-getwid-accordion__content\">\n<p>Yes, certain skin conditions such as burns, cuts, eczema, or skin infections are contraindications. Additionally, people on certain medical treatments, such as retinoids, should avoid waxing. It is advisable to consult a professional before proceeding.<\/p>\n<\/div><\/div>\n\n\n\n<div class=\"wp-block-getwid-accordion__header-wrapper\"><span class=\"wp-block-getwid-accordion__header\"><a href=\"#\"><span class=\"wp-block-getwid-accordion__header-title\">What should I do after hair removal to take care of my skin?<\/span><span class=\"wp-block-getwid-accordion__icon is-active\"><i class=\"fas fa-plus\"><\/i><\/span><span class=\"wp-block-getwid-accordion__icon is-passive\"><i class=\"fas fa-minus\"><\/i><\/span><\/a><\/span><\/div><div class=\"wp-block-getwid-accordion__content-wrapper\"><div class=\"wp-block-getwid-accordion__content\">\n<p>After waxing, it is important to avoid hot showers, saunas, and sun exposure for 24 to 48 hours. Apply a soothing cream to reduce irritation. Also avoid products containing alcohol, as they can dry out the skin.<\/p>\n<\/div><\/div>\n\n\n\n<div class=\"wp-block-getwid-accordion__header-wrapper\"><span class=\"wp-block-getwid-accordion__header\"><a href=\"#\"><span class=\"wp-block-getwid-accordion__header-title\">How often should I get waxed?<\/span><span class=\"wp-block-getwid-accordion__icon is-active\"><i class=\"fas fa-plus\"><\/i><\/span><span class=\"wp-block-getwid-accordion__icon is-passive\"><i class=\"fas fa-minus\"><\/i><\/span><\/a><\/span><\/div><div class=\"wp-block-getwid-accordion__content-wrapper\"><div class=\"wp-block-getwid-accordion__content\">\n<p>It is recommended to get hair removal every 4 to 6 weeks to maintain smooth skin and reduce hair density. Over time, hair regrowth may become slower, and sessions may be spaced further apart.<br><br><br><\/p>\n<\/div><\/div>\n<\/div>\n<\/div><\/div><\/div><\/div><\/div>","protected":false},"excerpt":{"rendered":"<p>Liste des Prix pour nos Services d&rsquo;\u00c9pilation Nous offrons des options vari\u00e9es pour r\u00e9pondre \u00e0 vos besoins sp\u00e9cifiques L\u00e8vre sup\u00e9rieure &#8211; 10$ Aisselles &#8211; 15$ Bras complets &#8211; 25$ Thorax \u2013 Abdomen &#8211; 45$ Dos &#8211; 35$ Cuisses &#8211; 30$ Jambes compl\u00e8tes &#8211; 45$ Demie-jambe &#8211; 25$ Bikini &#8211; 18$ Bikini Br\u00e9silien &#8211; 25$ Bikini [&hellip;]<\/p>\n","protected":false},"author":1,"featured_media":0,"parent":0,"menu_order":0,"comment_status":"closed","ping_status":"closed","template":"no-title","meta":{"om_disable_all_campaigns":false,"_monsterinsights_skip_tracking":false,"_monsterinsights_sitenote_active":false,"_monsterinsights_sitenote_note":"","_monsterinsights_sitenote_category":0,"iawp_total_views":111,"footnotes":""},"class_list":["post-1029","page","type-page","status-publish","hentry"],"aioseo_notices":[],"_links":{"self":[{"href":"https:\/\/esthetiquefreya.ca\/en\/wp-json\/wp\/v2\/pages\/1029","targetHints":{"allow":["GET"]}}],"collection":[{"href":"https:\/\/esthetiquefreya.ca\/en\/wp-json\/wp\/v2\/pages"}],"about":[{"href":"https:\/\/esthetiquefreya.ca\/en\/wp-json\/wp\/v2\/types\/page"}],"author":[{"embeddable":true,"href":"https:\/\/esthetiquefreya.ca\/en\/wp-json\/wp\/v2\/users\/1"}],"replies":[{"embeddable":true,"href":"https:\/\/esthetiquefreya.ca\/en\/wp-json\/wp\/v2\/comments?post=1029"}],"version-history":[{"count":51,"href":"https:\/\/esthetiquefreya.ca\/en\/wp-json\/wp\/v2\/pages\/1029\/revisions"}],"predecessor-version":[{"id":2399,"href":"https:\/\/esthetiquefreya.ca\/en\/wp-json\/wp\/v2\/pages\/1029\/revisions\/2399"}],"wp:attachment":[{"href":"https:\/\/esthetiquefreya.ca\/en\/wp-json\/wp\/v2\/media?parent=1029"}],"curies":[{"name":"wp","href":"https:\/\/api.w.org\/{rel}","templated":true}]}}