{"id":1116,"date":"2024-08-21T16:19:08","date_gmt":"2024-08-21T16:19:08","guid":{"rendered":"https:\/\/esthetiquefreya.ca\/?page_id=1116"},"modified":"2025-11-29T17:50:40","modified_gmt":"2025-11-29T17:50:40","slug":"la-clinique","status":"publish","type":"page","link":"https:\/\/esthetiquefreya.ca\/en\/la-clinique\/","title":{"rendered":"La-Clinique"},"content":{"rendered":"<div class=\"wp-block-group alignfull has-background-background-color has-background has-global-padding is-layout-constrained wp-container-core-group-is-layout-7276a2bb wp-block-group-is-layout-constrained\" style=\"margin-top:0;margin-bottom:0;padding-top:var(--wp--preset--spacing--60);padding-right:var(--wp--preset--spacing--30);padding-bottom:var(--wp--preset--spacing--60);padding-left:var(--wp--preset--spacing--30)\">\n<div class=\"wp-block-group alignwide has-global-padding is-content-justification-center is-layout-constrained wp-block-group-is-layout-constrained\">\n<h1 class=\"wp-block-heading has-text-align-center has-montserrat-font-family has-large-font-size\">La Clinique au coeur du village!<\/h1>\n<\/div>\n\n\n\n<div class=\"wp-block-columns alignwide is-layout-flex wp-container-core-columns-is-layout-d0846407 wp-block-columns-is-layout-flex\">\n<div class=\"wp-block-column is-layout-flow wp-block-column-is-layout-flow\">\n<figure class=\"wp-block-image size-full ext-aspect-landscape\"><img loading=\"lazy\" decoding=\"async\" width=\"600\" height=\"800\" src=\"https:\/\/esthetiquefreya.ca\/wp-content\/uploads\/2025\/11\/Untitled-design-22.png\" alt=\"\" class=\"wp-image-2699\" style=\"box-shadow:var(--wp--preset--shadow--deep);aspect-ratio:3\/4;object-fit:cover\" srcset=\"https:\/\/esthetiquefreya.ca\/wp-content\/uploads\/2025\/11\/Untitled-design-22.png 600w, https:\/\/esthetiquefreya.ca\/wp-content\/uploads\/2025\/11\/Untitled-design-22-225x300.png 225w, https:\/\/esthetiquefreya.ca\/wp-content\/uploads\/2025\/11\/Untitled-design-22-9x12.png 9w\" sizes=\"auto, (max-width: 600px) 100vw, 600px\" \/><\/figure>\n\n\n\n<h3 class=\"wp-block-heading has-text-align-center has-montserrat-font-family\" style=\"margin-top:24px;font-size:clamp(14px, 0.875rem + ((1vw - 3.2px) * 0.625), 20px);line-height:1.5\">Location <strong>is PRACTICAL<\/strong><\/h3>\n\n\n\n<p class=\"has-text-align-center has-small-font-size\" style=\"margin-top:8px\">Le local se trouve dans le Vieux Sainte-Rose, comprenant un grand stationnement derri\u00e8re la clinique.<\/p>\n<\/div>\n\n\n\n<div class=\"wp-block-column is-layout-flow wp-block-column-is-layout-flow\">\n<figure class=\"wp-block-image size-full ext-aspect-landscape\"><img loading=\"lazy\" decoding=\"async\" width=\"600\" height=\"800\" src=\"https:\/\/esthetiquefreya.ca\/wp-content\/uploads\/2025\/11\/Untitled-design-23.png\" alt=\"\" class=\"wp-image-2700\" style=\"box-shadow:var(--wp--preset--shadow--deep);aspect-ratio:3\/4;object-fit:cover\" srcset=\"https:\/\/esthetiquefreya.ca\/wp-content\/uploads\/2025\/11\/Untitled-design-23.png 600w, https:\/\/esthetiquefreya.ca\/wp-content\/uploads\/2025\/11\/Untitled-design-23-225x300.png 225w, https:\/\/esthetiquefreya.ca\/wp-content\/uploads\/2025\/11\/Untitled-design-23-9x12.png 9w\" sizes=\"auto, (max-width: 600px) 100vw, 600px\" \/><\/figure>\n\n\n\n<h3 class=\"wp-block-heading has-text-align-center has-montserrat-font-family\" style=\"margin-top:24px;font-size:clamp(14px, 0.875rem + ((1vw - 3.2px) * 0.625), 20px);line-height:1.5\">Location <strong>is Charming<\/strong><\/h3>\n\n\n\n<p class=\"has-text-align-center has-small-font-size\" style=\"margin-top:8px\">Nous sommes situ\u00e9 dans une charmante b\u00e2tisse centenaire \u00e0 Sainte-Rose.<\/p>\n<\/div>\n\n\n\n<div class=\"wp-block-column is-layout-flow wp-block-column-is-layout-flow\">\n<figure class=\"wp-block-image size-full ext-aspect-landscape\"><img loading=\"lazy\" decoding=\"async\" width=\"600\" height=\"800\" src=\"https:\/\/esthetiquefreya.ca\/wp-content\/uploads\/2025\/11\/Untitled-design-21.png\" alt=\"\" class=\"wp-image-2698\" style=\"box-shadow:var(--wp--preset--shadow--deep);aspect-ratio:3\/4;object-fit:cover\" srcset=\"https:\/\/esthetiquefreya.ca\/wp-content\/uploads\/2025\/11\/Untitled-design-21.png 600w, https:\/\/esthetiquefreya.ca\/wp-content\/uploads\/2025\/11\/Untitled-design-21-225x300.png 225w, https:\/\/esthetiquefreya.ca\/wp-content\/uploads\/2025\/11\/Untitled-design-21-9x12.png 9w\" sizes=\"auto, (max-width: 600px) 100vw, 600px\" \/><\/figure>\n\n\n\n<h3 class=\"wp-block-heading has-text-align-center has-montserrat-font-family\" style=\"margin-top:24px;font-size:clamp(14px, 0.875rem + ((1vw - 3.2px) * 0.625), 20px);line-height:1.5\">Relaxing <strong>Environment<\/strong><\/h3>\n\n\n\n<p class=\"has-text-align-center has-small-font-size\" style=\"margin-top:8px\">You will find us on the 2nd floor in the <strong><a href=\"https:\/\/www.institutdiva.com\/\" title=\"\">INSTITUT DIVA<\/a><\/strong> clinic, with an inviting decor for the ultimate relaxation experience.<\/p>\n<\/div>\n<\/div>\n<\/div>","protected":false},"excerpt":{"rendered":"<p>La Clinique au coeur du village! Emplacement PRATIQUE Le local se trouve dans le Vieux Sainte-Rose, comprenant un grand stationnement derri\u00e8re la clinique. Emplacement CHARMANT Nous sommes situ\u00e9 dans une charmante b\u00e2tisse centenaire \u00e0 Sainte-Rose. Emplacement de D\u00c9TENTE Vous nous trouverez au 2e \u00e9tage dans la clinique INSTITUT DIVA au d\u00e9cor invitant \u00e0 la relaxation.<\/p>","protected":false},"author":1,"featured_media":0,"parent":0,"menu_order":0,"comment_status":"closed","ping_status":"closed","template":"","meta":{"om_disable_all_campaigns":false,"_monsterinsights_skip_tracking":false,"_monsterinsights_sitenote_active":false,"_monsterinsights_sitenote_note":"","_monsterinsights_sitenote_category":0,"iawp_total_views":78,"footnotes":""},"class_list":["post-1116","page","type-page","status-publish","hentry"],"aioseo_notices":[],"_links":{"self":[{"href":"https:\/\/esthetiquefreya.ca\/en\/wp-json\/wp\/v2\/pages\/1116","targetHints":{"allow":["GET"]}}],"collection":[{"href":"https:\/\/esthetiquefreya.ca\/en\/wp-json\/wp\/v2\/pages"}],"about":[{"href":"https:\/\/esthetiquefreya.ca\/en\/wp-json\/wp\/v2\/types\/page"}],"author":[{"embeddable":true,"href":"https:\/\/esthetiquefreya.ca\/en\/wp-json\/wp\/v2\/users\/1"}],"replies":[{"embeddable":true,"href":"https:\/\/esthetiquefreya.ca\/en\/wp-json\/wp\/v2\/comments?post=1116"}],"version-history":[{"count":26,"href":"https:\/\/esthetiquefreya.ca\/en\/wp-json\/wp\/v2\/pages\/1116\/revisions"}],"predecessor-version":[{"id":2704,"href":"https:\/\/esthetiquefreya.ca\/en\/wp-json\/wp\/v2\/pages\/1116\/revisions\/2704"}],"wp:attachment":[{"href":"https:\/\/esthetiquefreya.ca\/en\/wp-json\/wp\/v2\/media?parent=1116"}],"curies":[{"name":"wp","href":"https:\/\/api.w.org\/{rel}","templated":true}]}}