{"id":12,"date":"2024-08-09T02:13:27","date_gmt":"2024-08-09T02:13:27","guid":{"rendered":"https:\/\/esthetiquefreya.ca\/cart\/"},"modified":"2024-09-04T20:19:14","modified_gmt":"2024-09-04T20:19:14","slug":"cart","status":"publish","type":"page","link":"https:\/\/esthetiquefreya.ca\/en\/cart\/","title":{"rendered":"Panier"},"content":{"rendered":"<div data-block-name=\"woocommerce\/cart\" class=\"wp-block-woocommerce-cart alignwide is-loading\">\n<div data-block-name=\"woocommerce\/filled-cart-block\" class=\"wp-block-woocommerce-filled-cart-block\">\n<div data-block-name=\"woocommerce\/cart-items-block\" class=\"wp-block-woocommerce-cart-items-block\">\n<div data-block-name=\"woocommerce\/cart-line-items-block\" class=\"wp-block-woocommerce-cart-line-items-block\"><\/div>\n\n\n\n<div data-block-name=\"woocommerce\/cart-cross-sells-block\" class=\"wp-block-woocommerce-cart-cross-sells-block\">\n<h2 class=\"wp-block-heading has-large-font-size\">Vous pourriez \u00eatre int\u00e9ress\u00e9 par\u2026<\/h2>\n\n\n\n<div data-block-name=\"woocommerce\/cart-cross-sells-products-block\" class=\"wp-block-woocommerce-cart-cross-sells-products-block\"><\/div>\n<\/div>\n<\/div>\n\n\n\n<div data-block-name=\"woocommerce\/cart-totals-block\" class=\"wp-block-woocommerce-cart-totals-block\">\n<div data-block-name=\"woocommerce\/cart-order-summary-block\" class=\"wp-block-woocommerce-cart-order-summary-block\">\n<div data-block-name=\"woocommerce\/cart-order-summary-heading-block\" class=\"wp-block-woocommerce-cart-order-summary-heading-block\"><\/div>\n\n\n\n<div data-block-name=\"woocommerce\/cart-order-summary-coupon-form-block\" class=\"wp-block-woocommerce-cart-order-summary-coupon-form-block\"><\/div>\n\n\n\n<div data-block-name=\"woocommerce\/cart-order-summary-totals-block\" class=\"wp-block-woocommerce-cart-order-summary-totals-block\">\n<div data-block-name=\"woocommerce\/cart-order-summary-subtotal-block\" class=\"wp-block-woocommerce-cart-order-summary-subtotal-block\"><\/div>\n\n\n\n<div data-block-name=\"woocommerce\/cart-order-summary-fee-block\" class=\"wp-block-woocommerce-cart-order-summary-fee-block\"><\/div>\n\n\n\n<div data-block-name=\"woocommerce\/cart-order-summary-discount-block\" class=\"wp-block-woocommerce-cart-order-summary-discount-block\"><\/div>\n\n\n\n<div data-block-name=\"woocommerce\/cart-order-summary-shipping-block\" class=\"wp-block-woocommerce-cart-order-summary-shipping-block\"><\/div>\n\n\n\n<div data-block-name=\"woocommerce\/cart-order-summary-taxes-block\" class=\"wp-block-woocommerce-cart-order-summary-taxes-block\"><\/div>\n<\/div>\n<\/div>\n\n\n\n<div data-block-name=\"woocommerce\/cart-express-payment-block\" class=\"wp-block-woocommerce-cart-express-payment-block\"><\/div>\n\n\n\n<div data-block-name=\"woocommerce\/proceed-to-checkout-block\" class=\"wp-block-woocommerce-proceed-to-checkout-block\"><\/div>\n\n\n\n<div data-block-name=\"woocommerce\/cart-accepted-payment-methods-block\" class=\"wp-block-woocommerce-cart-accepted-payment-methods-block\"><\/div>\n<\/div>\n<\/div>\n\n\n\n<div data-block-name=\"woocommerce\/empty-cart-block\" class=\"wp-block-woocommerce-empty-cart-block\">\n<h2 class=\"wp-block-heading has-text-align-center with-empty-cart-icon wc-block-cart__empty-cart__title\">Votre panier est actuellement vide !<\/h2>\n\n\n\n<hr class=\"wp-block-separator has-alpha-channel-opacity is-style-dots\"\/>\n\n\n\n<h2 class=\"wp-block-heading has-text-align-center\">New in store<\/h2>\n\n\n<div data-block-name=\"woocommerce\/product-new\" data-columns=\"4\" data-rows=\"1\" class=\"wc-block-grid wp-block-product-new wp-block-woocommerce-product-new wc-block-product-new has-4-columns\"><ul class=\"wc-block-grid__products\"><li class=\"wc-block-grid__product\">\n\t\t\t\t<a href=\"https:\/\/esthetiquefreya.ca\/en\/product\/boutique\/beauty-soclean-nettoyant-pour-pinceau\/\" class=\"wc-block-grid__product-link\">\n\t\t\t\t\t\n\t\t\t\t\t<div class=\"wc-block-grid__product-image\"><img loading=\"lazy\" decoding=\"async\" width=\"300\" height=\"300\" src=\"https:\/\/esthetiquefreya.ca\/wp-content\/uploads\/2025\/04\/BeautySoClean-BrushCleaner125ml-300x300.jpg\" class=\"attachment-woocommerce_thumbnail size-woocommerce_thumbnail\" alt=\"nettoyant pinceau\" srcset=\"https:\/\/esthetiquefreya.ca\/wp-content\/uploads\/2025\/04\/BeautySoClean-BrushCleaner125ml-300x300.jpg 300w, https:\/\/esthetiquefreya.ca\/wp-content\/uploads\/2025\/04\/BeautySoClean-BrushCleaner125ml-150x150.jpg 150w, https:\/\/esthetiquefreya.ca\/wp-content\/uploads\/2025\/04\/BeautySoClean-BrushCleaner125ml-12x12.jpg 12w, https:\/\/esthetiquefreya.ca\/wp-content\/uploads\/2025\/04\/BeautySoClean-BrushCleaner125ml-100x100.jpg 100w, https:\/\/esthetiquefreya.ca\/wp-content\/uploads\/2025\/04\/BeautySoClean-BrushCleaner125ml.jpg 600w\" sizes=\"auto, (max-width: 300px) 100vw, 300px\" \/><\/div>\n\t\t\t\t\t<div class=\"wc-block-grid__product-title\">Beauty SoClean Brush Cleaner<\/div>\n\t\t\t\t<\/a>\n\t\t\t\t<div class=\"wc-block-grid__product-price price\"><span class=\"woocommerce-Price-amount amount\"><span class=\"woocommerce-Price-currencySymbol\">&#036;<\/span>25.95<\/span><\/div>\n\t\t\t\t\n\t\t\t\t<div class=\"wp-block-button wc-block-grid__product-add-to-cart\"><a href=\"\/en\/wp-json\/wp\/v2\/pages\/12?add-to-cart=2658\" aria-label=\"Add to cart: \u201cBeauty SoClean Nettoyant pour pinceau\u201d\" data-quantity=\"1\" data-product_id=\"2658\" data-product_sku=\"628548130050\" data-price=\"25.95\" rel=\"nofollow\" class=\"wp-block-button__link wp-element-button add_to_cart_button ajax_add_to_cart\" data-no-translation=\"\" data-trp-gettext=\"\" data-no-translation-aria-label=\"\">Add to cart<\/a><\/div>\n\t\t\t<\/li><li class=\"wc-block-grid__product\">\n\t\t\t\t<a href=\"https:\/\/esthetiquefreya.ca\/en\/product\/boutique\/gant-exfoliant\/\" class=\"wc-block-grid__product-link\">\n\t\t\t\t\t\n\t\t\t\t\t<div class=\"wc-block-grid__product-image\"><img loading=\"lazy\" decoding=\"async\" width=\"300\" height=\"300\" src=\"https:\/\/esthetiquefreya.ca\/wp-content\/uploads\/2025\/04\/10-1-300x300.png\" class=\"attachment-woocommerce_thumbnail size-woocommerce_thumbnail\" alt=\"Gants exfoliants\" srcset=\"https:\/\/esthetiquefreya.ca\/wp-content\/uploads\/2025\/04\/10-1-300x300.png 300w, https:\/\/esthetiquefreya.ca\/wp-content\/uploads\/2025\/04\/10-1-1024x1024.png 1024w, https:\/\/esthetiquefreya.ca\/wp-content\/uploads\/2025\/04\/10-1-150x150.png 150w, https:\/\/esthetiquefreya.ca\/wp-content\/uploads\/2025\/04\/10-1-768x768.png 768w, https:\/\/esthetiquefreya.ca\/wp-content\/uploads\/2025\/04\/10-1-12x12.png 12w, https:\/\/esthetiquefreya.ca\/wp-content\/uploads\/2025\/04\/10-1-600x600.png 600w, https:\/\/esthetiquefreya.ca\/wp-content\/uploads\/2025\/04\/10-1-100x100.png 100w, https:\/\/esthetiquefreya.ca\/wp-content\/uploads\/2025\/04\/10-1.png 1080w\" sizes=\"auto, (max-width: 300px) 100vw, 300px\" \/><\/div>\n\t\t\t\t\t<div class=\"wc-block-grid__product-title\">Exfoliating Glove<\/div>\n\t\t\t\t<\/a>\n\t\t\t\t<div class=\"wc-block-grid__product-price price\"><span class=\"woocommerce-Price-amount amount\"><span class=\"woocommerce-Price-currencySymbol\">&#036;<\/span>14.98<\/span><\/div>\n\t\t\t\t\n\t\t\t\t<div class=\"wp-block-button wc-block-grid__product-add-to-cart\"><a href=\"https:\/\/esthetiquefreya.ca\/en\/product\/boutique\/gant-exfoliant\/\" aria-label=\"Select options for \u201cGant Exfoliant\u201d\" data-quantity=\"1\" data-product_id=\"2654\" data-product_sku=\"\" data-price=\"14.98\" rel=\"nofollow\" class=\"wp-block-button__link wp-element-button add_to_cart_button\" data-no-translation=\"\" data-trp-gettext=\"\" data-no-translation-aria-label=\"\">Select options<\/a><\/div>\n\t\t\t<\/li><li class=\"wc-block-grid__product\">\n\t\t\t\t<a href=\"https:\/\/esthetiquefreya.ca\/en\/product\/boutique\/botanical-huile-corporelle\/\" class=\"wc-block-grid__product-link\">\n\t\t\t\t\t\n\t\t\t\t\t<div class=\"wc-block-grid__product-image\"><img loading=\"lazy\" decoding=\"async\" width=\"300\" height=\"300\" src=\"https:\/\/esthetiquefreya.ca\/wp-content\/uploads\/2025\/04\/CUCCIO_BOTANICALS_Huile_corporelle_Bois_de_Santal_Sauge_4oz_Body_Oil_Sandalwood_Sage-300x300.png\" class=\"attachment-woocommerce_thumbnail size-woocommerce_thumbnail\" alt=\"Huile Bois de santal et Sauge\" srcset=\"https:\/\/esthetiquefreya.ca\/wp-content\/uploads\/2025\/04\/CUCCIO_BOTANICALS_Huile_corporelle_Bois_de_Santal_Sauge_4oz_Body_Oil_Sandalwood_Sage-300x300.png 300w, https:\/\/esthetiquefreya.ca\/wp-content\/uploads\/2025\/04\/CUCCIO_BOTANICALS_Huile_corporelle_Bois_de_Santal_Sauge_4oz_Body_Oil_Sandalwood_Sage-150x150.png 150w, https:\/\/esthetiquefreya.ca\/wp-content\/uploads\/2025\/04\/CUCCIO_BOTANICALS_Huile_corporelle_Bois_de_Santal_Sauge_4oz_Body_Oil_Sandalwood_Sage-768x768.png 768w, https:\/\/esthetiquefreya.ca\/wp-content\/uploads\/2025\/04\/CUCCIO_BOTANICALS_Huile_corporelle_Bois_de_Santal_Sauge_4oz_Body_Oil_Sandalwood_Sage-12x12.png 12w, https:\/\/esthetiquefreya.ca\/wp-content\/uploads\/2025\/04\/CUCCIO_BOTANICALS_Huile_corporelle_Bois_de_Santal_Sauge_4oz_Body_Oil_Sandalwood_Sage-600x600.png 600w, https:\/\/esthetiquefreya.ca\/wp-content\/uploads\/2025\/04\/CUCCIO_BOTANICALS_Huile_corporelle_Bois_de_Santal_Sauge_4oz_Body_Oil_Sandalwood_Sage-100x100.png 100w, https:\/\/esthetiquefreya.ca\/wp-content\/uploads\/2025\/04\/CUCCIO_BOTANICALS_Huile_corporelle_Bois_de_Santal_Sauge_4oz_Body_Oil_Sandalwood_Sage.png 1000w\" sizes=\"auto, (max-width: 300px) 100vw, 300px\" \/><\/div>\n\t\t\t\t\t<div class=\"wc-block-grid__product-title\">Botanical Body Oil<\/div>\n\t\t\t\t<\/a>\n\t\t\t\t<div class=\"wc-block-grid__product-price price\"><span class=\"woocommerce-Price-amount amount\"><span class=\"woocommerce-Price-currencySymbol\">&#036;<\/span>26.60<\/span><\/div>\n\t\t\t\t\n\t\t\t\t<div class=\"wp-block-button wc-block-grid__product-add-to-cart\"><a href=\"https:\/\/esthetiquefreya.ca\/en\/product\/boutique\/botanical-huile-corporelle\/\" aria-label=\"Select options for \u201cBotanical Huile corporelle\u201d\" data-quantity=\"1\" data-product_id=\"2647\" data-product_sku=\"\" data-price=\"26.6\" rel=\"nofollow\" class=\"wp-block-button__link wp-element-button add_to_cart_button\" data-no-translation=\"\" data-trp-gettext=\"\" data-no-translation-aria-label=\"\">Select options<\/a><\/div>\n\t\t\t<\/li><li class=\"wc-block-grid__product\">\n\t\t\t\t<a href=\"https:\/\/esthetiquefreya.ca\/en\/product\/boutique\/creme-nutri-reparatrice-pieds-tres-secs\/\" class=\"wc-block-grid__product-link\">\n\t\t\t\t\t\n\t\t\t\t\t<div class=\"wc-block-grid__product-image\"><img loading=\"lazy\" decoding=\"async\" width=\"300\" height=\"300\" src=\"https:\/\/esthetiquefreya.ca\/wp-content\/uploads\/2025\/04\/2301-P_2307-2_Akileine_Creme_Nutri_Reparatrice_pieds_tres_secs_100ml_-150_ml_Akileine_Nutri_repair_dry_foot-300x300.png\" class=\"attachment-woocommerce_thumbnail size-woocommerce_thumbnail\" alt=\"Cr\u00e8me Alkineine\" srcset=\"https:\/\/esthetiquefreya.ca\/wp-content\/uploads\/2025\/04\/2301-P_2307-2_Akileine_Creme_Nutri_Reparatrice_pieds_tres_secs_100ml_-150_ml_Akileine_Nutri_repair_dry_foot-300x300.png 300w, https:\/\/esthetiquefreya.ca\/wp-content\/uploads\/2025\/04\/2301-P_2307-2_Akileine_Creme_Nutri_Reparatrice_pieds_tres_secs_100ml_-150_ml_Akileine_Nutri_repair_dry_foot-150x150.png 150w, https:\/\/esthetiquefreya.ca\/wp-content\/uploads\/2025\/04\/2301-P_2307-2_Akileine_Creme_Nutri_Reparatrice_pieds_tres_secs_100ml_-150_ml_Akileine_Nutri_repair_dry_foot-768x768.png 768w, https:\/\/esthetiquefreya.ca\/wp-content\/uploads\/2025\/04\/2301-P_2307-2_Akileine_Creme_Nutri_Reparatrice_pieds_tres_secs_100ml_-150_ml_Akileine_Nutri_repair_dry_foot-12x12.png 12w, https:\/\/esthetiquefreya.ca\/wp-content\/uploads\/2025\/04\/2301-P_2307-2_Akileine_Creme_Nutri_Reparatrice_pieds_tres_secs_100ml_-150_ml_Akileine_Nutri_repair_dry_foot-600x600.png 600w, https:\/\/esthetiquefreya.ca\/wp-content\/uploads\/2025\/04\/2301-P_2307-2_Akileine_Creme_Nutri_Reparatrice_pieds_tres_secs_100ml_-150_ml_Akileine_Nutri_repair_dry_foot-100x100.png 100w, https:\/\/esthetiquefreya.ca\/wp-content\/uploads\/2025\/04\/2301-P_2307-2_Akileine_Creme_Nutri_Reparatrice_pieds_tres_secs_100ml_-150_ml_Akileine_Nutri_repair_dry_foot.png 1000w\" sizes=\"auto, (max-width: 300px) 100vw, 300px\" \/><\/div>\n\t\t\t\t\t<div class=\"wc-block-grid__product-title\">Nutri-Repair Cream for very dry feet<\/div>\n\t\t\t\t<\/a>\n\t\t\t\t<div class=\"wc-block-grid__product-price price\"><span class=\"woocommerce-Price-amount amount\"><span class=\"woocommerce-Price-currencySymbol\">&#036;<\/span>25.49<\/span><\/div>\n\t\t\t\t\n\t\t\t\t<div class=\"wp-block-button wc-block-grid__product-add-to-cart\"><a href=\"\/en\/wp-json\/wp\/v2\/pages\/12?add-to-cart=2645\" aria-label=\"Add to cart: \u201cCr\u00e8me Nutri-R\u00e9paratrice pieds tr\u00e8s secs\u201d\" data-quantity=\"1\" data-product_id=\"2645\" data-product_sku=\"AK0602\" data-price=\"25.49\" rel=\"nofollow\" class=\"wp-block-button__link wp-element-button add_to_cart_button ajax_add_to_cart\" data-no-translation=\"\" data-trp-gettext=\"\" data-no-translation-aria-label=\"\">Add to cart<\/a><\/div>\n\t\t\t<\/li><\/ul><\/div><\/div>\n<\/div>","protected":false},"excerpt":{"rendered":"","protected":false},"author":1,"featured_media":0,"parent":0,"menu_order":0,"comment_status":"closed","ping_status":"closed","template":"","meta":{"om_disable_all_campaigns":false,"_monsterinsights_skip_tracking":false,"_monsterinsights_sitenote_active":false,"_monsterinsights_sitenote_note":"","_monsterinsights_sitenote_category":0,"iawp_total_views":13,"footnotes":""},"class_list":["post-12","page","type-page","status-publish","hentry"],"aioseo_notices":[],"_links":{"self":[{"href":"https:\/\/esthetiquefreya.ca\/en\/wp-json\/wp\/v2\/pages\/12","targetHints":{"allow":["GET"]}}],"collection":[{"href":"https:\/\/esthetiquefreya.ca\/en\/wp-json\/wp\/v2\/pages"}],"about":[{"href":"https:\/\/esthetiquefreya.ca\/en\/wp-json\/wp\/v2\/types\/page"}],"author":[{"embeddable":true,"href":"https:\/\/esthetiquefreya.ca\/en\/wp-json\/wp\/v2\/users\/1"}],"replies":[{"embeddable":true,"href":"https:\/\/esthetiquefreya.ca\/en\/wp-json\/wp\/v2\/comments?post=12"}],"version-history":[{"count":5,"href":"https:\/\/esthetiquefreya.ca\/en\/wp-json\/wp\/v2\/pages\/12\/revisions"}],"predecessor-version":[{"id":1866,"href":"https:\/\/esthetiquefreya.ca\/en\/wp-json\/wp\/v2\/pages\/12\/revisions\/1866"}],"wp:attachment":[{"href":"https:\/\/esthetiquefreya.ca\/en\/wp-json\/wp\/v2\/media?parent=12"}],"curies":[{"name":"wp","href":"https:\/\/api.w.org\/{rel}","templated":true}]}}