{"id":1483,"date":"2024-08-26T11:45:55","date_gmt":"2024-08-26T11:45:55","guid":{"rendered":"https:\/\/esthetiquefreya.ca\/?page_id=1483"},"modified":"2025-04-16T15:44:31","modified_gmt":"2025-04-16T15:44:31","slug":"massage","status":"publish","type":"page","link":"https:\/\/esthetiquefreya.ca\/en\/massage\/","title":{"rendered":"Massage"},"content":{"rendered":"<div class=\"wp-block-getwid-section alignfull alignfull getwid-anim fadeInDownShort getwid-section-content-full-width\" data-wow-duration=\"2000ms\" data-wow-delay=\"200ms\"><div class=\"wp-block-getwid-section__wrapper getwid-padding-top-large getwid-padding-bottom-large getwid-padding-left-medium getwid-padding-right-medium getwid-reset-min-height-mobile\" style=\"min-height:40vh\"><div class=\"wp-block-getwid-section__inner-wrapper\"><div class=\"wp-block-getwid-section__background-holder\"><div class=\"wp-block-getwid-section__background\" style=\"background-image:url('https:\/\/esthetiquefreya.ca\/wp-content\/uploads\/2024\/08\/2.png')\"><div class=\"wp-block-getwid-section__background-image-wrapper\"><img decoding=\"async\" class=\"wp-block-getwid-section__background-image\" src=\"https:\/\/esthetiquefreya.ca\/wp-content\/uploads\/2024\/08\/2.png\" alt=\"\"\/><\/div><\/div><div class=\"wp-block-getwid-section__foreground\" style=\"opacity:0.5\"><\/div><\/div><div class=\"wp-block-getwid-section__content\"><div class=\"wp-block-getwid-section__inner-content\">\n<div class=\"wp-block-getwid-advanced-heading\" style=\"margin-bottom:30px;margin-top:10px\"><h1 class=\"wp-block-getwid-advanced-heading__content has-text-color has-background-color\" style=\"text-align:center;font-family:&quot;Montserrat&quot;;font-weight:normal\"><strong>Massage<\/strong><\/h1><\/div>\n\n\n\n<p class=\"has-text-align-center has-background-color has-text-color has-link-color has-montserrat-font-family wp-elements-9367b796f6632ec17eda5675a7ee4942\"><strong>Relax and Regenerate: Discover the Indian Head Massage.<\/strong><\/p>\n<\/div><\/div><\/div><\/div><\/div>\n\n\n\n<div class=\"wp-block-group alignfull has-background-background-color has-background has-global-padding is-layout-constrained wp-container-core-group-is-layout-7276a2bb wp-block-group-is-layout-constrained\" style=\"margin-top:0;margin-bottom:0;padding-top:var(--wp--preset--spacing--60);padding-right:var(--wp--preset--spacing--30);padding-bottom:var(--wp--preset--spacing--60);padding-left:var(--wp--preset--spacing--30)\">\n<div class=\"wp-block-group alignwide has-global-padding is-content-justification-center is-layout-constrained wp-block-group-is-layout-constrained\">\n<p class=\"has-text-align-center has-montserrat-font-family has-medium-font-size\" style=\"margin-top:16px\">The  indian head massage is an ancient practice that originated in India. This type of massage is an important component of traditional Ayurvedic medicine and is renowned for its many benefits both physically and mentally.<\/p>\n<\/div>\n\n\n\n<div class=\"wp-block-columns alignwide is-layout-flex wp-container-core-columns-is-layout-5b525043 wp-block-columns-is-layout-flex\">\n<div class=\"wp-block-column is-layout-flow wp-block-column-is-layout-flow\">\n<figure class=\"wp-block-image size-full ext-aspect-landscape\"><img loading=\"lazy\" decoding=\"async\" width=\"1366\" height=\"768\" src=\"https:\/\/esthetiquefreya.ca\/wp-content\/uploads\/2024\/08\/Untitled-Website-8.png\" alt=\"\" class=\"wp-image-1529\" style=\"box-shadow:var(--wp--preset--shadow--deep);aspect-ratio:4\/3;object-fit:cover\" srcset=\"https:\/\/esthetiquefreya.ca\/wp-content\/uploads\/2024\/08\/Untitled-Website-8.png 1366w, https:\/\/esthetiquefreya.ca\/wp-content\/uploads\/2024\/08\/Untitled-Website-8-600x337.png 600w, https:\/\/esthetiquefreya.ca\/wp-content\/uploads\/2024\/08\/Untitled-Website-8-300x169.png 300w, https:\/\/esthetiquefreya.ca\/wp-content\/uploads\/2024\/08\/Untitled-Website-8-1024x576.png 1024w, https:\/\/esthetiquefreya.ca\/wp-content\/uploads\/2024\/08\/Untitled-Website-8-768x432.png 768w, https:\/\/esthetiquefreya.ca\/wp-content\/uploads\/2024\/08\/Untitled-Website-8-18x10.png 18w\" sizes=\"auto, (max-width: 1366px) 100vw, 1366px\" \/><\/figure>\n\n\n\n<h3 class=\"wp-block-heading has-text-align-center has-montserrat-font-family\" style=\"margin-top:24px;font-size:clamp(14px, 0.875rem + ((1vw - 3.2px) * 0.625), 20px);line-height:1.5\"><strong>Duration 30 minutes \u2013 $40<\/strong><\/h3>\n<\/div>\n\n\n\n<div class=\"wp-block-column is-layout-flow wp-block-column-is-layout-flow\">\n<figure class=\"wp-block-image size-large ext-aspect-landscape\"><img loading=\"lazy\" decoding=\"async\" width=\"1024\" height=\"576\" src=\"https:\/\/esthetiquefreya.ca\/wp-content\/uploads\/2024\/08\/Untitled-Website-9-1024x576.png\" alt=\"\" class=\"wp-image-1530\" style=\"box-shadow:var(--wp--preset--shadow--deep);aspect-ratio:4\/3;object-fit:cover\" srcset=\"https:\/\/esthetiquefreya.ca\/wp-content\/uploads\/2024\/08\/Untitled-Website-9-1024x576.png 1024w, https:\/\/esthetiquefreya.ca\/wp-content\/uploads\/2024\/08\/Untitled-Website-9-600x337.png 600w, https:\/\/esthetiquefreya.ca\/wp-content\/uploads\/2024\/08\/Untitled-Website-9-300x169.png 300w, https:\/\/esthetiquefreya.ca\/wp-content\/uploads\/2024\/08\/Untitled-Website-9-768x432.png 768w, https:\/\/esthetiquefreya.ca\/wp-content\/uploads\/2024\/08\/Untitled-Website-9-18x10.png 18w, https:\/\/esthetiquefreya.ca\/wp-content\/uploads\/2024\/08\/Untitled-Website-9.png 1366w\" sizes=\"auto, (max-width: 1024px) 100vw, 1024px\" \/><\/figure>\n\n\n\n<h3 class=\"wp-block-heading has-text-align-center has-montserrat-font-family\" style=\"margin-top:24px;font-size:clamp(14px, 0.875rem + ((1vw - 3.2px) * 0.625), 20px);line-height:1.5\"><strong>Duration 60 minutes \u2013 $60<\/strong><\/h3>\n<\/div>\n<\/div>\n\n\n\n<div class=\"wp-block-buttons is-content-justification-center is-layout-flex wp-container-core-buttons-is-layout-a89b3969 wp-block-buttons-is-layout-flex\">\n<div class=\"wp-block-button\"><a class=\"wp-block-button__link has-montserrat-font-family has-text-align-center wp-element-button\" href=\"https:\/\/esthetiquefreya.ca\/en\/nous-joindre\/\">Book an appointment<\/a><\/div>\n<\/div>\n<\/div>\n\n\n\n<div class=\"wp-block-getwid-section alignfull alignfull getwid-anim bounceInDownShort getwid-section-content-custom-width\" data-wow-duration=\"1500ms\" data-wow-delay=\"200ms\"><div class=\"wp-block-getwid-section__wrapper getwid-padding-left-medium getwid-padding-right-medium\"><div class=\"wp-block-getwid-section__inner-wrapper\" style=\"max-width:740px\"><div class=\"wp-block-getwid-section__background-holder\"><div class=\"wp-block-getwid-section__background\"><\/div><div class=\"wp-block-getwid-section__foreground\"><\/div><\/div><div class=\"wp-block-getwid-section__content\"><div class=\"wp-block-getwid-section__inner-content\">\n<div class=\"wp-block-getwid-accordion\" data-active-element=\"0\">\n<div class=\"wp-block-getwid-accordion__header-wrapper\"><span class=\"wp-block-getwid-accordion__header\"><a href=\"#\"><span class=\"wp-block-getwid-accordion__header-title\"><strong>Benefits<\/strong><\/span><span class=\"wp-block-getwid-accordion__icon is-active\"><i class=\"fas fa-plus\"><\/i><\/span><span class=\"wp-block-getwid-accordion__icon is-passive\"><i class=\"fas fa-minus\"><\/i><\/span><\/a><\/span><\/div><div class=\"wp-block-getwid-accordion__content-wrapper\"><div class=\"wp-block-getwid-accordion__content\">\n<ul class=\"wp-block-list\">\n<li>Alleviates migraines and eye pain.<\/li>\n\n\n\n<li>Restores health and shine to your hair.<\/li>\n\n\n\n<li>Helps fight stress, anxiety and depression.<\/li>\n\n\n\n<li>Promotes creativity and concentration.<\/li>\n\n\n\n<li>Improves sleep quality.<\/li>\n\n\n\n<li>Releases endorphins into the system, promotes keys to well-being.<\/li>\n<\/ul>\n<\/div><\/div>\n<\/div>\n\n\n\n<div class=\"wp-block-columns is-layout-flex wp-container-core-columns-is-layout-28f84493 wp-block-columns-is-layout-flex\">\n<div class=\"wp-block-column is-layout-flow wp-block-column-is-layout-flow\">\n<figure class=\"wp-block-video\"><video height=\"1080\" style=\"aspect-ratio: 1920 \/ 1080;\" width=\"1920\" autoplay loop muted src=\"https:\/\/esthetiquefreya.ca\/wp-content\/uploads\/2024\/08\/spa-woman-facial-massage-face-massage-in-beauty-spa-salon-female-enjoying-rela-SBV-338019989-preview-2.mp4\" playsinline><\/video><\/figure>\n<\/div>\n<\/div>\n<\/div><\/div><\/div><\/div><\/div>","protected":false},"excerpt":{"rendered":"<p>Le massage de t\u00eate \u00e0 l\u2019Indienne est une pratique ancienne qui trouve ses origines en Inde. Ce type de massage est une composante importante de la m\u00e9decine traditionnelle ayurv\u00e9dique et est r\u00e9put\u00e9 pour ses nombreux b\u00e9n\u00e9fices tant sur le plan physique que mental. Dur\u00e9e 30 minutes &#8211; 40$ Dur\u00e9e 60 minutes \u2013 60$<\/p>","protected":false},"author":1,"featured_media":0,"parent":0,"menu_order":0,"comment_status":"closed","ping_status":"closed","template":"no-title","meta":{"om_disable_all_campaigns":false,"_monsterinsights_skip_tracking":false,"_monsterinsights_sitenote_active":false,"_monsterinsights_sitenote_note":"","_monsterinsights_sitenote_category":0,"iawp_total_views":152,"footnotes":""},"class_list":["post-1483","page","type-page","status-publish","hentry"],"aioseo_notices":[],"_links":{"self":[{"href":"https:\/\/esthetiquefreya.ca\/en\/wp-json\/wp\/v2\/pages\/1483","targetHints":{"allow":["GET"]}}],"collection":[{"href":"https:\/\/esthetiquefreya.ca\/en\/wp-json\/wp\/v2\/pages"}],"about":[{"href":"https:\/\/esthetiquefreya.ca\/en\/wp-json\/wp\/v2\/types\/page"}],"author":[{"embeddable":true,"href":"https:\/\/esthetiquefreya.ca\/en\/wp-json\/wp\/v2\/users\/1"}],"replies":[{"embeddable":true,"href":"https:\/\/esthetiquefreya.ca\/en\/wp-json\/wp\/v2\/comments?post=1483"}],"version-history":[{"count":13,"href":"https:\/\/esthetiquefreya.ca\/en\/wp-json\/wp\/v2\/pages\/1483\/revisions"}],"predecessor-version":[{"id":2641,"href":"https:\/\/esthetiquefreya.ca\/en\/wp-json\/wp\/v2\/pages\/1483\/revisions\/2641"}],"wp:attachment":[{"href":"https:\/\/esthetiquefreya.ca\/en\/wp-json\/wp\/v2\/media?parent=1483"}],"curies":[{"name":"wp","href":"https:\/\/api.w.org\/{rel}","templated":true}]}}