{"id":15,"date":"2024-08-15T00:55:42","date_gmt":"2024-08-15T00:55:42","guid":{"rendered":"https:\/\/esthetiquefreya.ca\/?page_id=15"},"modified":"2025-04-13T13:33:07","modified_gmt":"2025-04-13T13:33:07","slug":"thanks","status":"publish","type":"page","link":"https:\/\/esthetiquefreya.ca\/en\/thanks\/","title":{"rendered":"thanks Confirmation"},"content":{"rendered":"<h2 class=\"wp-block-heading\">Confirmation<\/h2>\n\n\n\n<p>Objet : Confirmation &#8211; Merci pour votre message !<\/p>\n\n\n\n<p>Thank you for contacting us! We have received your message and will respond to you as soon as possible. Your request is important to us and we appreciate your patience while we review it.<\/p>\n\n\n\n<p>Kind regards, The FRE\u0178A Aesthetics Team<\/p>\n\n\n\n<p>Kind regards, The Esth\u00e9tique FRE\u0178A Team<\/p>","protected":false},"excerpt":{"rendered":"<p>Confirmation Objet : Confirmation &#8211; Merci pour votre message ! Merci de nous avoir contact\u00e9s ! Nous avons bien re\u00e7u votre message et vous r\u00e9pondrons dans les plus brefs d\u00e9lais. Votre demande est importante pour nous et nous vous remercions de votre patience pendant que nous l&rsquo;examinons. Si vous avez besoin d\u2019une assistance imm\u00e9diate, n\u2019h\u00e9sitez [&hellip;]<\/p>\n","protected":false},"author":1,"featured_media":0,"parent":0,"menu_order":0,"comment_status":"closed","ping_status":"closed","template":"","meta":{"om_disable_all_campaigns":false,"_monsterinsights_skip_tracking":false,"_monsterinsights_sitenote_active":false,"_monsterinsights_sitenote_note":"","_monsterinsights_sitenote_category":0,"iawp_total_views":1,"footnotes":""},"class_list":["post-15","page","type-page","status-publish","hentry"],"aioseo_notices":[],"_links":{"self":[{"href":"https:\/\/esthetiquefreya.ca\/en\/wp-json\/wp\/v2\/pages\/15","targetHints":{"allow":["GET"]}}],"collection":[{"href":"https:\/\/esthetiquefreya.ca\/en\/wp-json\/wp\/v2\/pages"}],"about":[{"href":"https:\/\/esthetiquefreya.ca\/en\/wp-json\/wp\/v2\/types\/page"}],"author":[{"embeddable":true,"href":"https:\/\/esthetiquefreya.ca\/en\/wp-json\/wp\/v2\/users\/1"}],"replies":[{"embeddable":true,"href":"https:\/\/esthetiquefreya.ca\/en\/wp-json\/wp\/v2\/comments?post=15"}],"version-history":[{"count":8,"href":"https:\/\/esthetiquefreya.ca\/en\/wp-json\/wp\/v2\/pages\/15\/revisions"}],"predecessor-version":[{"id":2528,"href":"https:\/\/esthetiquefreya.ca\/en\/wp-json\/wp\/v2\/pages\/15\/revisions\/2528"}],"wp:attachment":[{"href":"https:\/\/esthetiquefreya.ca\/en\/wp-json\/wp\/v2\/media?parent=15"}],"curies":[{"name":"wp","href":"https:\/\/api.w.org\/{rel}","templated":true}]}}