{"id":19,"date":"2024-08-09T02:13:38","date_gmt":"2024-08-09T02:13:38","guid":{"rendered":"https:\/\/esthetiquefreya.ca\/about\/"},"modified":"2025-11-29T17:20:19","modified_gmt":"2025-11-29T17:20:19","slug":"a-propos","status":"publish","type":"page","link":"https:\/\/esthetiquefreya.ca\/en\/a-propos\/","title":{"rendered":"\u00c0 propos d&rsquo;Esth\u00e9tique FRE\u0178A"},"content":{"rendered":"<div class=\"wp-block-group alignfull has-background-background-color has-background has-global-padding is-layout-constrained wp-container-core-group-is-layout-864ebe9b wp-block-group-is-layout-constrained\" style=\"margin-top:0;margin-bottom:0;padding-top:0;padding-right:0;padding-bottom:0;padding-left:0\">\n<div class=\"wp-block-cover alignfull\" style=\"padding-top:0;padding-right:var(--wp--preset--spacing--30);padding-bottom:0;padding-left:var(--wp--preset--spacing--30);min-height:50px;aspect-ratio:unset;\"><img loading=\"lazy\" decoding=\"async\" width=\"1366\" height=\"768\" class=\"wp-block-cover__image-background wp-image-2127\" alt=\"\" src=\"https:\/\/esthetiquefreya.ca\/wp-content\/uploads\/2024\/09\/photos-site-internet-7-1.png\" data-object-fit=\"cover\" srcset=\"https:\/\/esthetiquefreya.ca\/wp-content\/uploads\/2024\/09\/photos-site-internet-7-1.png 1366w, https:\/\/esthetiquefreya.ca\/wp-content\/uploads\/2024\/09\/photos-site-internet-7-1-300x169.png 300w, https:\/\/esthetiquefreya.ca\/wp-content\/uploads\/2024\/09\/photos-site-internet-7-1-1024x576.png 1024w, https:\/\/esthetiquefreya.ca\/wp-content\/uploads\/2024\/09\/photos-site-internet-7-1-768x432.png 768w, https:\/\/esthetiquefreya.ca\/wp-content\/uploads\/2024\/09\/photos-site-internet-7-1-18x10.png 18w, https:\/\/esthetiquefreya.ca\/wp-content\/uploads\/2024\/09\/photos-site-internet-7-1-600x337.png 600w\" sizes=\"auto, (max-width: 1366px) 100vw, 1366px\" \/><span aria-hidden=\"true\" class=\"wp-block-cover__background has-black-background-color has-background-dim-60 has-background-dim\"><\/span><div class=\"wp-block-cover__inner-container has-global-padding is-layout-constrained wp-container-core-cover-is-layout-17d11c15 wp-block-cover-is-layout-constrained\">\n<div class=\"wp-block-group has-global-padding is-layout-constrained wp-block-group-is-layout-constrained\" style=\"padding-top:var(--wp--preset--spacing--60);padding-bottom:var(--wp--preset--spacing--60)\">\n<div class=\"wp-block-columns alignwide are-vertically-aligned-center is-layout-flex wp-container-core-columns-is-layout-947c9d80 wp-block-columns-is-layout-flex\">\n<div class=\"wp-block-column is-vertically-aligned-center is-layout-flow wp-block-column-is-layout-flow\">\n<h1 class=\"wp-block-heading has-text-align-center has-text-color has-montserrat-font-family has-x-large-font-size\" style=\"color:#fffffffc\">Discover your beauty at Esth\u00e9tique FRE\u0178A<\/h1>\n<\/div>\n<\/div>\n<\/div>\n<\/div><\/div>\n<\/div>\n\n\n\n<div class=\"wp-block-group alignfull has-background has-global-padding is-layout-constrained wp-container-core-group-is-layout-69e97b25 wp-block-group-is-layout-constrained\" style=\"background-color:#f1f1ee;margin-top:0;margin-bottom:0;padding-top:var(--wp--preset--spacing--30);padding-right:var(--wp--preset--spacing--30);padding-bottom:var(--wp--preset--spacing--30);padding-left:var(--wp--preset--spacing--30)\">\n<h2 class=\"wp-block-heading has-text-align-center has-montserrat-font-family has-large-font-size\"><strong>About Esth\u00e9tique FRE\u0178A<\/strong><\/h2>\n\n\n\n<p style=\"margin-top:var(--wp--preset--spacing--30);margin-bottom:var(--wp--preset--spacing--30);padding-top:0;padding-bottom:0\">With a passion for aesthetics dating back to 1995, I have always had a deep interest in the art of enhancing natural beauty. After starting training in aesthetics at that time, life led me to other professional horizons. However, in 2024, I decided to return to my first passion and update my training by taking courses in private institutes.<\/p>\n\n\n\n<p style=\"margin-top:var(--wp--preset--spacing--30);margin-bottom:var(--wp--preset--spacing--30);padding-top:0;padding-bottom:0\">Today I am proud to work in a shared space with <strong><a href=\"https:\/\/www.institutdiva.com\/\" target=\"_blank\" rel=\"noopener\" title=\"\">Institut Diva<\/a><\/strong>, a clinic, which offers an ideal atmosphere of relaxation and well-being. With particular attention to your needs, each treatment is designed to offer you a personalized experience.<\/p>\n\n\n\n<h2 class=\"wp-block-heading has-text-align-center has-montserrat-font-family has-large-font-size\"><strong>Why the name FRE\u0178A?<\/strong><\/h2>\n\n\n\n<p style=\"margin-top:var(--wp--preset--spacing--20);margin-bottom:var(--wp--preset--spacing--20);padding-top:0;padding-bottom:0\">In Norse mythology, Freyja is a goddess associated with love, beauty, fertility, sex, war, gold, and magic! Pretty impressive, right?!<\/p>\n\n\n\n<p class=\"has-small-font-size\" style=\"margin-top:var(--wp--preset--spacing--20);margin-bottom:var(--wp--preset--spacing--20);padding-top:0;padding-bottom:0\"><em><strong>Esth\u00e9tique FRE\u0178A, has the mission of helping its clients embrace their inner goddess!<\/strong><\/em><\/p>\n\n\n\n<figure class=\"wp-block-image aligncenter size-full is-resized has-custom-border\"><img loading=\"lazy\" decoding=\"async\" width=\"430\" height=\"527\" src=\"https:\/\/esthetiquefreya.ca\/wp-content\/uploads\/2024\/09\/Screenshot-2024-09-08-145118-1.png\" alt=\"\u00c0 propos de Catherine Rocheleau\" class=\"wp-image-2145\" style=\"border-radius:10px;box-shadow:var(--wp--preset--shadow--deep);aspect-ratio:3\/4;object-fit:cover;width:300px\" srcset=\"https:\/\/esthetiquefreya.ca\/wp-content\/uploads\/2024\/09\/Screenshot-2024-09-08-145118-1.png 430w, https:\/\/esthetiquefreya.ca\/wp-content\/uploads\/2024\/09\/Screenshot-2024-09-08-145118-1-245x300.png 245w, https:\/\/esthetiquefreya.ca\/wp-content\/uploads\/2024\/09\/Screenshot-2024-09-08-145118-1-10x12.png 10w\" sizes=\"auto, (max-width: 430px) 100vw, 430px\" \/><\/figure>\n<\/div>\n\n\n\n<div class=\"wp-block-group alignfull has-background has-global-padding is-layout-constrained wp-container-core-group-is-layout-33e8f939 wp-block-group-is-layout-constrained\" style=\"background-color:#f1f1ee;margin-top:0;margin-bottom:0;padding-top:0;padding-right:var(--wp--preset--spacing--30);padding-bottom:0;padding-left:var(--wp--preset--spacing--30)\">\n<div class=\"wp-block-columns alignwide are-vertically-aligned-center is-layout-flex wp-container-core-columns-is-layout-9effc7d7 wp-block-columns-is-layout-flex\">\n<div class=\"wp-block-column is-vertically-aligned-center is-layout-flow wp-block-column-is-layout-flow\">\n<h5 class=\"wp-block-heading has-text-align-center has-montserrat-font-family has-medium-font-size\"><strong>Looking forward to meeting with you!<\/strong><\/h5>\n\n\n\n<p class=\"has-text-align-center has-montserrat-font-family\" style=\"margin-top:16px\">Technicienne en soins podologiques &#8211; <strong>Catherine Rocheleau<\/strong><\/p>\n<\/div>\n<\/div>\n<\/div>","protected":false},"excerpt":{"rendered":"<p>\u00c0 Propos d&rsquo;Esth\u00e9tique FRE\u0178A Avec une passion pour l\u2019esth\u00e9tique qui remonte \u00e0 1995, j&rsquo;ai toujours eu un int\u00e9r\u00eat profond pour l&rsquo;art de sublimer la beaut\u00e9 naturelle. Apr\u00e8s avoir entam\u00e9 une formation en esth\u00e9tique \u00e0 cette \u00e9poque, la vie m&rsquo;a men\u00e9e vers d&rsquo;autres horizons professionnels. Cependant, en 2024, j&rsquo;ai d\u00e9cid\u00e9 de revenir \u00e0 ma passion premi\u00e8re [&hellip;]<\/p>\n","protected":false},"author":1,"featured_media":0,"parent":0,"menu_order":0,"comment_status":"closed","ping_status":"closed","template":"no-title","meta":{"om_disable_all_campaigns":false,"_monsterinsights_skip_tracking":false,"_monsterinsights_sitenote_active":false,"_monsterinsights_sitenote_note":"","_monsterinsights_sitenote_category":0,"iawp_total_views":63,"footnotes":""},"class_list":["post-19","page","type-page","status-publish","hentry"],"aioseo_notices":[],"_links":{"self":[{"href":"https:\/\/esthetiquefreya.ca\/en\/wp-json\/wp\/v2\/pages\/19","targetHints":{"allow":["GET"]}}],"collection":[{"href":"https:\/\/esthetiquefreya.ca\/en\/wp-json\/wp\/v2\/pages"}],"about":[{"href":"https:\/\/esthetiquefreya.ca\/en\/wp-json\/wp\/v2\/types\/page"}],"author":[{"embeddable":true,"href":"https:\/\/esthetiquefreya.ca\/en\/wp-json\/wp\/v2\/users\/1"}],"replies":[{"embeddable":true,"href":"https:\/\/esthetiquefreya.ca\/en\/wp-json\/wp\/v2\/comments?post=19"}],"version-history":[{"count":31,"href":"https:\/\/esthetiquefreya.ca\/en\/wp-json\/wp\/v2\/pages\/19\/revisions"}],"predecessor-version":[{"id":2696,"href":"https:\/\/esthetiquefreya.ca\/en\/wp-json\/wp\/v2\/pages\/19\/revisions\/2696"}],"wp:attachment":[{"href":"https:\/\/esthetiquefreya.ca\/en\/wp-json\/wp\/v2\/media?parent=19"}],"curies":[{"name":"wp","href":"https:\/\/api.w.org\/{rel}","templated":true}]}}