{"id":20,"date":"2024-08-09T02:13:38","date_gmt":"2024-08-09T02:13:38","guid":{"rendered":"https:\/\/esthetiquefreya.ca\/home\/"},"modified":"2025-04-19T10:40:27","modified_gmt":"2025-04-19T10:40:27","slug":"accueil","status":"publish","type":"page","link":"https:\/\/esthetiquefreya.ca\/en\/","title":{"rendered":"Bienvenu sur le site d&rsquo;Esth\u00e9tique FRE\u0178A et son bien-\u00eatre est une priorit\u00e9 absolue. L&rsquo;objectif est de vous fournir une exp\u00e9rience exceptionnelle \u00e0 chaque visite"},"content":{"rendered":"<div class=\"wp-block-getwid-section alignfull getwid-anim fadeInLeft getwid-margin-top-small getwid-margin-bottom-small getwid-section-content-full-width\" data-wow-duration=\"1500ms\" data-wow-delay=\"200ms\"><div class=\"wp-block-getwid-section__wrapper getwid-padding-top-small getwid-padding-bottom-small getwid-padding-left-medium getwid-padding-right-medium getwid-reset-min-height-mobile\" style=\"min-height:60vh\"><div class=\"wp-block-getwid-section__inner-wrapper\"><div class=\"wp-block-getwid-section__background-holder\"><div class=\"wp-block-getwid-section__background\" style=\"background-image:url('https:\/\/esthetiquefreya.ca\/wp-content\/uploads\/2025\/04\/FREYA-12.png');background-repeat:no-repeat\"><div class=\"wp-block-getwid-section__background-image-wrapper\"><img decoding=\"async\" class=\"wp-block-getwid-section__background-image\" src=\"https:\/\/esthetiquefreya.ca\/wp-content\/uploads\/2025\/04\/FREYA-12.png\" alt=\"femme et ombrage\"\/><\/div><\/div><div class=\"wp-block-getwid-section__foreground\" style=\"opacity:0;background-color:#000000\"><\/div><\/div><div class=\"wp-block-getwid-section__content\"><div class=\"wp-block-getwid-section__inner-content\">\n<p class=\"has-text-align-left has-primary-color has-text-color has-link-color has-montserrat-font-family wp-elements-07b09004493f547333b124f7d3a93b92\" style=\"font-size:clamp(1.198rem, 1.198rem + ((1vw - 0.2rem) * 1.17), 1.9rem);\">.<\/p>\n\n\n\n<p class=\"has-text-align-left has-primary-color has-text-color has-link-color has-small-font-size wp-elements-45229edf1026ae234c9bb47cb38e682b\">.<\/p>\n\n\n\n<p class=\"has-text-align-left has-montserrat-font-family has-xx-large-font-size\"><\/p>\n<\/div><\/div><\/div><\/div><\/div>\n\n\n\n<div class=\"wp-block-group alignfull has-background-background-color has-background has-global-padding is-layout-constrained wp-container-core-group-is-layout-0420e281 wp-block-group-is-layout-constrained\" style=\"margin-top:0;margin-bottom:0;padding-top:0;padding-right:0;padding-bottom:0;padding-left:0\">\n<div class=\"wp-block-group alignwide has-background-background-color has-background has-global-padding is-content-justification-center is-layout-constrained wp-container-core-group-is-layout-c1293280 wp-block-group-is-layout-constrained\" style=\"padding-right:var(--wp--preset--spacing--20);padding-left:var(--wp--preset--spacing--20)\">\n<h2 class=\"wp-block-heading has-text-align-center has-montserrat-font-family\" style=\"font-size:clamp(1.146rem, 1.146rem + ((1vw - 0.2rem) * 1.09), 1.8rem);\">Welcome to Esth\u00e9tique FRE\u0178A<\/h2>\n\n\n\n<p class=\"has-text-align-center has-montserrat-font-family\" style=\"margin-top:16px\">Every client is unique, and their well-being is a top priority. The goal is to provide you with an exceptional experience at every visit, offering you quality services that exceed your expectations. Discover a complete range of treatments that will meet your needs and offer you an unforgettable moment.<\/p>\n<\/div>\n\n\n\n<div class=\"wp-block-columns alignwide has-background-background-color has-background is-layout-flex wp-container-core-columns-is-layout-a88a3fd8 wp-block-columns-is-layout-flex\">\n<div class=\"wp-block-column is-layout-flow wp-block-column-is-layout-flow\">\n<figure class=\"wp-block-image size-full ext-aspect-landscape\" id=\"Massage\"><a href=\"https:\/\/esthetiquefreya.ca\/en\/massage\/\"><img loading=\"lazy\" decoding=\"async\" width=\"1366\" height=\"768\" src=\"https:\/\/esthetiquefreya.ca\/wp-content\/uploads\/2024\/08\/2.png\" alt=\"Massage Chaque client est unique\" class=\"wp-image-568\" style=\"box-shadow:none;aspect-ratio:4\/3;object-fit:cover\" title=\"\" srcset=\"https:\/\/esthetiquefreya.ca\/wp-content\/uploads\/2024\/08\/2.png 1366w, https:\/\/esthetiquefreya.ca\/wp-content\/uploads\/2024\/08\/2-600x337.png 600w, https:\/\/esthetiquefreya.ca\/wp-content\/uploads\/2024\/08\/2-300x169.png 300w, https:\/\/esthetiquefreya.ca\/wp-content\/uploads\/2024\/08\/2-1024x576.png 1024w, https:\/\/esthetiquefreya.ca\/wp-content\/uploads\/2024\/08\/2-768x432.png 768w, https:\/\/esthetiquefreya.ca\/wp-content\/uploads\/2024\/08\/2-18x10.png 18w\" sizes=\"auto, (max-width: 1366px) 100vw, 1366px\" \/><\/a><\/figure>\n\n\n\n<h3 class=\"wp-block-heading has-text-align-center has-montserrat-font-family\" style=\"margin-top:24px;font-size:clamp(14px, 0.875rem + ((1vw - 3.2px) * 0.625), 20px);line-height:1.5\"><strong><a href=\"https:\/\/esthetiquefreya.ca\/en\/massage\/\" title=\"Massage\">Massage<\/a><\/strong><\/h3>\n<\/div>\n\n\n\n<div class=\"wp-block-column is-vertically-aligned-stretch is-layout-flow wp-block-column-is-layout-flow\">\n<figure class=\"wp-block-image size-full ext-aspect-landscape\" id=\"Maderoth\u00e9rapie-faciale\"><a href=\"https:\/\/esthetiquefreya.ca\/en\/maderotherapie\/\"><img loading=\"lazy\" decoding=\"async\" width=\"1366\" height=\"768\" src=\"https:\/\/esthetiquefreya.ca\/wp-content\/uploads\/2024\/08\/4.png\" alt=\"Maderoth\u00e9rapie faciale Chaque client est unique\" class=\"wp-image-569\" style=\"box-shadow:none;aspect-ratio:4\/3;object-fit:cover\" title=\"\" srcset=\"https:\/\/esthetiquefreya.ca\/wp-content\/uploads\/2024\/08\/4.png 1366w, https:\/\/esthetiquefreya.ca\/wp-content\/uploads\/2024\/08\/4-600x337.png 600w, https:\/\/esthetiquefreya.ca\/wp-content\/uploads\/2024\/08\/4-300x169.png 300w, https:\/\/esthetiquefreya.ca\/wp-content\/uploads\/2024\/08\/4-1024x576.png 1024w, https:\/\/esthetiquefreya.ca\/wp-content\/uploads\/2024\/08\/4-768x432.png 768w, https:\/\/esthetiquefreya.ca\/wp-content\/uploads\/2024\/08\/4-18x10.png 18w\" sizes=\"auto, (max-width: 1366px) 100vw, 1366px\" \/><\/a><\/figure>\n\n\n\n<h3 class=\"wp-block-heading has-text-align-center has-montserrat-font-family\" style=\"margin-top:24px;font-size:clamp(14px, 0.875rem + ((1vw - 3.2px) * 0.625), 20px);line-height:1.5\"><a href=\"https:\/\/esthetiquefreya.ca\/en\/maderotherapie\/\" title=\"Maderotherapy\"><strong>Maderotherapy<\/strong><\/a><\/h3>\n<\/div>\n\n\n\n<div class=\"wp-block-column is-layout-flow wp-block-column-is-layout-flow\">\n<figure class=\"wp-block-image size-full ext-aspect-landscape\" id=\"Cils-et-sourcils\"><a href=\"https:\/\/esthetiquefreya.ca\/en\/cils-et-sourcils\/\"><img loading=\"lazy\" decoding=\"async\" width=\"1366\" height=\"768\" src=\"https:\/\/esthetiquefreya.ca\/wp-content\/uploads\/2024\/08\/5.png\" alt=\"Cils et sourcils Chaque client est unique\" class=\"wp-image-571\" style=\"box-shadow:none;aspect-ratio:4\/3;object-fit:cover\" title=\"Eyelashes and eyebrows\" srcset=\"https:\/\/esthetiquefreya.ca\/wp-content\/uploads\/2024\/08\/5.png 1366w, https:\/\/esthetiquefreya.ca\/wp-content\/uploads\/2024\/08\/5-600x337.png 600w, https:\/\/esthetiquefreya.ca\/wp-content\/uploads\/2024\/08\/5-300x169.png 300w, https:\/\/esthetiquefreya.ca\/wp-content\/uploads\/2024\/08\/5-1024x576.png 1024w, https:\/\/esthetiquefreya.ca\/wp-content\/uploads\/2024\/08\/5-768x432.png 768w, https:\/\/esthetiquefreya.ca\/wp-content\/uploads\/2024\/08\/5-18x10.png 18w\" sizes=\"auto, (max-width: 1366px) 100vw, 1366px\" \/><\/a><\/figure>\n\n\n\n<h3 class=\"wp-block-heading has-text-align-center has-montserrat-font-family\" style=\"margin-top:24px;font-size:clamp(14px, 0.875rem + ((1vw - 3.2px) * 0.625), 20px);line-height:1.5\"><strong><a href=\"https:\/\/esthetiquefreya.ca\/en\/cils-et-sourcils\/\" title=\"Eyelashes and eyebrows\">Eyelashes and eyebrows<\/a><\/strong><\/h3>\n<\/div>\n<\/div>\n\n\n\n<div class=\"wp-block-columns alignwide has-background-background-color has-background is-layout-flex wp-container-core-columns-is-layout-a88a3fd8 wp-block-columns-is-layout-flex\">\n<div class=\"wp-block-column is-layout-flow wp-block-column-is-layout-flow\">\n<figure class=\"wp-block-image size-full ext-aspect-landscape\"><a href=\"https:\/\/esthetiquefreya.ca\/en\/manucure\/\"><img loading=\"lazy\" decoding=\"async\" width=\"1366\" height=\"768\" src=\"https:\/\/esthetiquefreya.ca\/wp-content\/uploads\/2024\/08\/3.png\" alt=\"Manucure Chaque client est unique\" class=\"wp-image-573\" style=\"box-shadow:none;aspect-ratio:4\/3;object-fit:cover\" srcset=\"https:\/\/esthetiquefreya.ca\/wp-content\/uploads\/2024\/08\/3.png 1366w, https:\/\/esthetiquefreya.ca\/wp-content\/uploads\/2024\/08\/3-600x337.png 600w, https:\/\/esthetiquefreya.ca\/wp-content\/uploads\/2024\/08\/3-300x169.png 300w, https:\/\/esthetiquefreya.ca\/wp-content\/uploads\/2024\/08\/3-1024x576.png 1024w, https:\/\/esthetiquefreya.ca\/wp-content\/uploads\/2024\/08\/3-768x432.png 768w, https:\/\/esthetiquefreya.ca\/wp-content\/uploads\/2024\/08\/3-18x10.png 18w\" sizes=\"auto, (max-width: 1366px) 100vw, 1366px\" \/><\/a><\/figure>\n\n\n\n<h3 class=\"wp-block-heading has-text-align-center has-montserrat-font-family\" style=\"margin-top:24px;font-size:clamp(14px, 0.875rem + ((1vw - 3.2px) * 0.625), 20px);line-height:1.5\"><strong><a href=\"https:\/\/esthetiquefreya.ca\/en\/manucure\/\" title=\"Manicure\">Manicure<\/a><\/strong><\/h3>\n<\/div>\n\n\n\n<div class=\"wp-block-column is-vertically-aligned-stretch is-layout-flow wp-block-column-is-layout-flow\">\n<figure class=\"wp-block-image size-full ext-aspect-landscape\"><a href=\"https:\/\/esthetiquefreya.ca\/en\/pedicure\/\"><img loading=\"lazy\" decoding=\"async\" width=\"1366\" height=\"768\" src=\"https:\/\/esthetiquefreya.ca\/wp-content\/uploads\/2024\/08\/6.png\" alt=\"P\u00e9dicure Chaque client est unique\" class=\"wp-image-576\" style=\"box-shadow:none;aspect-ratio:4\/3;object-fit:cover\" srcset=\"https:\/\/esthetiquefreya.ca\/wp-content\/uploads\/2024\/08\/6.png 1366w, https:\/\/esthetiquefreya.ca\/wp-content\/uploads\/2024\/08\/6-600x337.png 600w, https:\/\/esthetiquefreya.ca\/wp-content\/uploads\/2024\/08\/6-300x169.png 300w, https:\/\/esthetiquefreya.ca\/wp-content\/uploads\/2024\/08\/6-1024x576.png 1024w, https:\/\/esthetiquefreya.ca\/wp-content\/uploads\/2024\/08\/6-768x432.png 768w, https:\/\/esthetiquefreya.ca\/wp-content\/uploads\/2024\/08\/6-18x10.png 18w\" sizes=\"auto, (max-width: 1366px) 100vw, 1366px\" \/><\/a><\/figure>\n\n\n\n<h3 class=\"wp-block-heading has-text-align-center has-montserrat-font-family\" style=\"margin-top:24px;font-size:clamp(14px, 0.875rem + ((1vw - 3.2px) * 0.625), 20px);line-height:1.5\"><strong><a href=\"https:\/\/esthetiquefreya.ca\/en\/pedicure\/\" title=\"maderotherapie\">Pedicure<\/a><\/strong><\/h3>\n<\/div>\n\n\n\n<div class=\"wp-block-column is-layout-flow wp-block-column-is-layout-flow\">\n<figure class=\"wp-block-image size-full ext-aspect-landscape\"><a href=\"https:\/\/esthetiquefreya.ca\/en\/epilation\/\"><img loading=\"lazy\" decoding=\"async\" width=\"1366\" height=\"768\" src=\"https:\/\/esthetiquefreya.ca\/wp-content\/uploads\/2024\/08\/7.png\" alt=\"\u00c9pilation Chaque client est unique\" class=\"wp-image-577\" style=\"box-shadow:none;aspect-ratio:4\/3;object-fit:cover\" srcset=\"https:\/\/esthetiquefreya.ca\/wp-content\/uploads\/2024\/08\/7.png 1366w, https:\/\/esthetiquefreya.ca\/wp-content\/uploads\/2024\/08\/7-600x337.png 600w, https:\/\/esthetiquefreya.ca\/wp-content\/uploads\/2024\/08\/7-300x169.png 300w, https:\/\/esthetiquefreya.ca\/wp-content\/uploads\/2024\/08\/7-1024x576.png 1024w, https:\/\/esthetiquefreya.ca\/wp-content\/uploads\/2024\/08\/7-768x432.png 768w, https:\/\/esthetiquefreya.ca\/wp-content\/uploads\/2024\/08\/7-18x10.png 18w\" sizes=\"auto, (max-width: 1366px) 100vw, 1366px\" \/><\/a><\/figure>\n\n\n\n<h3 class=\"wp-block-heading has-text-align-center has-montserrat-font-family\" style=\"margin-top:24px;font-size:clamp(14px, 0.875rem + ((1vw - 3.2px) * 0.625), 20px);line-height:1.5\"><strong><a href=\"https:\/\/esthetiquefreya.ca\/en\/epilation\/\" title=\"Hair removal\">Hair removal<\/a><\/strong><\/h3>\n<\/div>\n<\/div>\n<\/div>\n\n\n\n<p><\/p>","protected":false},"excerpt":{"rendered":"<p>Bienvenue sur le site d&rsquo;Esth\u00e9tique FRE\u0178A Chaque client est unique, et son bien-\u00eatre est une priorit\u00e9 absolue. L&rsquo;objectif est de vous fournir une exp\u00e9rience exceptionnelle \u00e0 chaque visite, en vous offrant des services de qualit\u00e9 qui d\u00e9passent vos attentes. D\u00e9couvrez une gamme compl\u00e8te de soins qui sauront r\u00e9pondre \u00e0 vos besoins et vous offrir un [&hellip;]<\/p>\n","protected":false},"author":1,"featured_media":413,"parent":0,"menu_order":0,"comment_status":"closed","ping_status":"closed","template":"no-title","meta":{"om_disable_all_campaigns":false,"_monsterinsights_skip_tracking":false,"_monsterinsights_sitenote_active":false,"_monsterinsights_sitenote_note":"","_monsterinsights_sitenote_category":0,"iawp_total_views":1353,"footnotes":""},"class_list":["post-20","page","type-page","status-publish","has-post-thumbnail","hentry"],"aioseo_notices":[],"_links":{"self":[{"href":"https:\/\/esthetiquefreya.ca\/en\/wp-json\/wp\/v2\/pages\/20","targetHints":{"allow":["GET"]}}],"collection":[{"href":"https:\/\/esthetiquefreya.ca\/en\/wp-json\/wp\/v2\/pages"}],"about":[{"href":"https:\/\/esthetiquefreya.ca\/en\/wp-json\/wp\/v2\/types\/page"}],"author":[{"embeddable":true,"href":"https:\/\/esthetiquefreya.ca\/en\/wp-json\/wp\/v2\/users\/1"}],"replies":[{"embeddable":true,"href":"https:\/\/esthetiquefreya.ca\/en\/wp-json\/wp\/v2\/comments?post=20"}],"version-history":[{"count":215,"href":"https:\/\/esthetiquefreya.ca\/en\/wp-json\/wp\/v2\/pages\/20\/revisions"}],"predecessor-version":[{"id":2661,"href":"https:\/\/esthetiquefreya.ca\/en\/wp-json\/wp\/v2\/pages\/20\/revisions\/2661"}],"wp:featuredmedia":[{"embeddable":true,"href":"https:\/\/esthetiquefreya.ca\/en\/wp-json\/wp\/v2\/media\/413"}],"wp:attachment":[{"href":"https:\/\/esthetiquefreya.ca\/en\/wp-json\/wp\/v2\/media?parent=20"}],"curies":[{"name":"wp","href":"https:\/\/api.w.org\/{rel}","templated":true}]}}