{"id":2530,"date":"2025-04-14T01:24:29","date_gmt":"2025-04-14T01:24:29","guid":{"rendered":"https:\/\/esthetiquefreya.ca\/?post_type=product&#038;p=2530"},"modified":"2025-04-14T01:29:07","modified_gmt":"2025-04-14T01:29:07","slug":"soft-feet-nourishing-bath","status":"publish","type":"product","link":"https:\/\/esthetiquefreya.ca\/en\/product\/boutique\/soft-feet-nourishing-bath\/","title":{"rendered":"Nourishing bath for soft feet"},"content":{"rendered":"<p><span style=\"font-weight: 400;\">FRESHNESS SOLUTION \u2013 Sea Crystals (Eucalyptus &amp; Wintergreen) are foot soaking salts. They are especially suitable for tired feet, those that sweat a lot or not enough! These are the salts we use most frequently. Our Crystals contain all the essential elements required for the proper functioning and health of the skin. They are also enriched with other elements that are easily absorbed by the skin during baths and they quickly pass through the body's circulatory system.<\/span><\/p>\n<p><b>Application method:<\/b><\/p>\n<p><span style=\"font-weight: 400;\">Pour 2-3 tablespoons (+\/- 45 g) of Crystals into a basin filled with hot water or add about 1\/4 cup to the bathtub (or more if the bathtub is large). They are effective for sweaty or overheated hands, feet that are hot, sweaty, or burning after exercise. It will also be effective if you have a cold as it will help relieve congestion. Suitable for diabetics, heart patients, and other health conditions. For external use only.<\/span><\/p>\n<p>&nbsp;<\/p>\n<p>&nbsp;<\/p>","protected":false},"excerpt":{"rendered":"<p><span style=\"font-weight: 400;\">GEHWOL FUSSKRAFT Soft Feet Nourishing Bath g\u00e2te les pieds et les jambes avec une exp\u00e9rience de bain inoubliable. Immergez-vous et d\u00e9tendez-vous en douceur ! Votre peau sera merveilleusement douce apr\u00e8s un seul bain. Le bain convient \u00e0 tous les types de peau, en particulier les peaux s\u00e8ches et sensibles. Parce que l\u2019essence contient des ingr\u00e9dients uniques, transformant le bain en un riche lait nettoyant et nourrissant. L\u2019huile d\u2019amande douce apaise et prot\u00e8ge la peau, la rendant merveilleusement douce. Nous avons \u00e9galement ajout\u00e9 de la vanille s\u00e9duisante qui, associ\u00e9e \u00e0 la vitamine E ainsi qu\u2019aux huiles de soin d\u2019avocat et de ricin, hydrate abondamment, adoucit les callosit\u00e9s et donne \u00e0 la peau une apparence lisse et vitalis\u00e9e. Le bain nourrissant pour les pieds doux GEHWOL FUSSKRAFT contient un tensioactif sp\u00e9cialement d\u00e9velopp\u00e9 pour les peaux sensibles. Il garantit que les trois huiles de soin contenues sont uniform\u00e9ment r\u00e9parties dans l\u2019eau. Il en r\u00e9sulte une \u00e9mulsion lact\u00e9e, scintillante et agr\u00e9ablement parfum\u00e9e qui hydrate intens\u00e9ment et prot\u00e8ge la flore cutan\u00e9e. Ranger \u00e0 temp\u00e9rature ambiante. Convient \u00e9galement comme douche ou bain complet.<\/span><\/p>","protected":false},"featured_media":2531,"comment_status":"open","ping_status":"closed","template":"","meta":{"om_disable_all_campaigns":false,"_monsterinsights_skip_tracking":false,"_monsterinsights_sitenote_active":false,"_monsterinsights_sitenote_note":"","_monsterinsights_sitenote_category":0,"iawp_total_views":7},"product_brand":[],"product_cat":[59,65],"product_tag":[100,99,98],"class_list":{"0":"post-2530","1":"product","2":"type-product","3":"status-publish","4":"has-post-thumbnail","6":"product_cat-pedicure-et-manucure","7":"product_cat-soins-corps","8":"product_tag-gehwol","9":"product_tag-pieds","10":"product_tag-produits-de-trempage","11":"product_shipping_class-livraison-tarif-fixe","13":"first","14":"instock","15":"purchasable","16":"product-type-simple"},"aioseo_notices":[],"_links":{"self":[{"href":"https:\/\/esthetiquefreya.ca\/en\/wp-json\/wp\/v2\/product\/2530","targetHints":{"allow":["GET"]}}],"collection":[{"href":"https:\/\/esthetiquefreya.ca\/en\/wp-json\/wp\/v2\/product"}],"about":[{"href":"https:\/\/esthetiquefreya.ca\/en\/wp-json\/wp\/v2\/types\/product"}],"replies":[{"embeddable":true,"href":"https:\/\/esthetiquefreya.ca\/en\/wp-json\/wp\/v2\/comments?post=2530"}],"wp:featuredmedia":[{"embeddable":true,"href":"https:\/\/esthetiquefreya.ca\/en\/wp-json\/wp\/v2\/media\/2531"}],"wp:attachment":[{"href":"https:\/\/esthetiquefreya.ca\/en\/wp-json\/wp\/v2\/media?parent=2530"}],"wp:term":[{"taxonomy":"product_brand","embeddable":true,"href":"https:\/\/esthetiquefreya.ca\/en\/wp-json\/wp\/v2\/product_brand?post=2530"},{"taxonomy":"product_cat","embeddable":true,"href":"https:\/\/esthetiquefreya.ca\/en\/wp-json\/wp\/v2\/product_cat?post=2530"},{"taxonomy":"product_tag","embeddable":true,"href":"https:\/\/esthetiquefreya.ca\/en\/wp-json\/wp\/v2\/product_tag?post=2530"}],"curies":[{"name":"wp","href":"https:\/\/api.w.org\/{rel}","templated":true}]}}